{"id":11,"date":"2018-04-12T17:20:28","date_gmt":"2018-04-12T15:20:28","guid":{"rendered":"https:\/\/www.docteur-ghibaudo.com\/?page_id=11"},"modified":"2022-07-27T10:59:20","modified_gmt":"2022-07-27T08:59:20","slug":"accueil","status":"publish","type":"page","link":"https:\/\/www.docteur-ghibaudo.com\/","title":{"rendered":"Accueil"},"content":{"rendered":"<p><div class=\"fusion-fullwidth fullwidth-box fusion-builder-row-1 nonhundred-percent-fullwidth non-hundred-percent-height-scrolling\" style=\"--awb-border-radius-top-left:0px;--awb-border-radius-top-right:0px;--awb-border-radius-bottom-right:0px;--awb-border-radius-bottom-left:0px;--awb-flex-wrap:wrap;\" id=\"intro-home\" ><div class=\"fusion-builder-row fusion-row\"><div class=\"fusion-layout-column fusion_builder_column fusion-builder-column-0 fusion_builder_column_1_1 1_1 fusion-one-full fusion-column-first fusion-column-last\" style=\"--awb-bg-size:cover;\"><div class=\"fusion-column-wrapper fusion-flex-column-wrapper-legacy\"><div class=\"fusion-text fusion-text-1\"><h1 class=\"titre-intro-home\" style=\"text-align: center;\">Dermatologie m\u00e9dicale et esth\u00e9tique. Laser, injection, peeling.<\/h1>\n<p><img decoding=\"async\" class=\"alignnone size-full wp-image-22 aligncenter\" src=\"https:\/\/www.docteur-ghibaudo.com\/wp-content\/uploads\/2018\/04\/puce.png\" alt=\"\" width=\"28\" height=\"28\" \/><\/p>\n<h2 class=\"titre-interventions-home\" style=\"text-align: center;\">Dermatologie esth\u00e9tique<\/h2>\n<\/div><div class=\"fusion-sep-clear\"><\/div><div class=\"fusion-separator fusion-full-width-sep\" style=\"margin-left: auto;margin-right: auto;width:100%;\"><div class=\"fusion-separator-border sep-double sep-solid\" style=\"--awb-height:20px;--awb-amount:20px;border-color:#e0dede;border-top-width:1px;border-bottom-width:1px;\"><\/div><\/div><div class=\"fusion-sep-clear\"><\/div><div class=\"fusion-clearfix\"><\/div><\/div><\/div><\/div><\/div><div class=\"fusion-fullwidth fullwidth-box fusion-builder-row-2 nonhundred-percent-fullwidth non-hundred-percent-height-scrolling fusion-equal-height-columns\" style=\"--awb-border-radius-top-left:0px;--awb-border-radius-top-right:0px;--awb-border-radius-bottom-right:0px;--awb-border-radius-bottom-left:0px;--awb-flex-wrap:wrap;\" id=\"interventions-home\" ><div class=\"fusion-builder-row fusion-row\"><div class=\"fusion-layout-column fusion_builder_column fusion-builder-column-1 fusion_builder_column_1_3 1_3 fusion-one-third fusion-column-first fusion-column-inner-bg-wrapper bloc-intervention\" style=\"--awb-inner-bg-image:url(&#039;https:\/\/www.docteur-ghibaudo.com\/wp-content\/uploads\/2018\/04\/intervention-1-epilation.jpg&#039;);--awb-inner-bg-position:center center;--awb-inner-bg-size:cover;width:33.333333333333%;width:calc(33.333333333333% - ( ( 3% + 3% ) * 0.33333333333333 ) );margin-right: 3%;\"><span class=\"fusion-column-inner-bg hover-type-zoomin\"><a class=\"fusion-column-anchor\" href=\"?page_id=80\"><span class=\"fusion-column-inner-bg-image\"><\/span><\/a><\/span><div class=\"fusion-column-wrapper fusion-flex-column-wrapper-legacy fusion-column-has-bg-image\" data-bg-url=\"https:\/\/www.docteur-ghibaudo.com\/wp-content\/uploads\/2018\/04\/intervention-1-epilation.jpg\"><div class=\"fusion-text fusion-text-2\"><h3 style=\"text-align: center;\">\u00c9pilation laser<\/h3>\n<\/div><div class=\"fusion-clearfix\"><\/div><\/div><\/div><div class=\"fusion-layout-column fusion_builder_column fusion-builder-column-2 fusion_builder_column_1_3 1_3 fusion-one-third fusion-column-inner-bg-wrapper bloc-intervention\" style=\"--awb-inner-bg-image:url(&#039;https:\/\/www.docteur-ghibaudo.com\/wp-content\/uploads\/2018\/04\/intervention-2-traitement-rides.jpg&#039;);--awb-inner-bg-position:center center;--awb-inner-bg-size:cover;width:33.333333333333%;width:calc(33.333333333333% - ( ( 3% + 3% ) * 0.33333333333333 ) );margin-right: 3%;\"><span class=\"fusion-column-inner-bg hover-type-zoomin\"><a class=\"fusion-column-anchor\" href=\"?page_id=186\"><span class=\"fusion-column-inner-bg-image\"><\/span><\/a><\/span><div class=\"fusion-column-wrapper fusion-flex-column-wrapper-legacy fusion-column-has-bg-image\" data-bg-url=\"https:\/\/www.docteur-ghibaudo.com\/wp-content\/uploads\/2018\/04\/intervention-2-traitement-rides.jpg\"><div class=\"fusion-text fusion-text-3\"><h3 style=\"text-align: center;\">Traitement des rides Botox<\/h3>\n<\/div><div class=\"fusion-clearfix\"><\/div><\/div><\/div><div class=\"fusion-layout-column fusion_builder_column fusion-builder-column-3 fusion_builder_column_1_3 1_3 fusion-one-third fusion-column-last fusion-column-inner-bg-wrapper bloc-intervention\" style=\"--awb-inner-bg-image:url(&#039;https:\/\/www.docteur-ghibaudo.com\/wp-content\/uploads\/2018\/04\/intervention-2bis-traitement-rides.png&#039;);--awb-inner-bg-position:center center;--awb-inner-bg-size:cover;width:33.333333333333%;width:calc(33.333333333333% - ( ( 3% + 3% ) * 0.33333333333333 ) );\"><span class=\"fusion-column-inner-bg hover-type-zoomin\"><a class=\"fusion-column-anchor\" href=\"?page_id=192\"><span class=\"fusion-column-inner-bg-image\"><\/span><\/a><\/span><div class=\"fusion-column-wrapper fusion-flex-column-wrapper-legacy fusion-column-has-bg-image\" data-bg-url=\"https:\/\/www.docteur-ghibaudo.com\/wp-content\/uploads\/2018\/04\/intervention-2bis-traitement-rides.png\"><div class=\"fusion-text fusion-text-4\"><h3 style=\"text-align: center;\">Traitement des rides acide hyaluronique<\/h3>\n<\/div><div class=\"fusion-clearfix\"><\/div><\/div><\/div><div class=\"fusion-layout-column fusion_builder_column fusion-builder-column-4 fusion_builder_column_1_3 1_3 fusion-one-third fusion-column-first fusion-column-inner-bg-wrapper bloc-intervention\" style=\"--awb-inner-bg-image:url(&#039;https:\/\/www.docteur-ghibaudo.com\/wp-content\/uploads\/2022\/07\/intervention-3-remodelage-2-1.jpg&#039;);--awb-inner-bg-position:center center;--awb-inner-bg-size:cover;width:33.333333333333%;width:calc(33.333333333333% - ( ( 3% + 3% ) * 0.33333333333333 ) );margin-right: 3%;\"><span class=\"fusion-column-inner-bg hover-type-zoomin\"><a class=\"fusion-column-anchor\" href=\"?page_id=173\"><span class=\"fusion-column-inner-bg-image\"><\/span><\/a><\/span><div class=\"fusion-column-wrapper fusion-column-has-shadow fusion-flex-column-wrapper-legacy fusion-column-has-bg-image\" data-bg-url=\"https:\/\/www.docteur-ghibaudo.com\/wp-content\/uploads\/2022\/07\/intervention-3-remodelage-2-1.jpg\"><div class=\"fusion-text fusion-text-5\"><h3 style=\"text-align: center;\">Remodelage<\/h3>\n<\/div><div class=\"fusion-clearfix\"><\/div><\/div><\/div><div class=\"fusion-layout-column fusion_builder_column fusion-builder-column-5 fusion_builder_column_1_3 1_3 fusion-one-third fusion-column-inner-bg-wrapper bloc-intervention\" style=\"--awb-inner-bg-image:url(&#039;https:\/\/www.docteur-ghibaudo.com\/wp-content\/uploads\/2018\/04\/intervention-4-fils-tenseurs.jpg&#039;);--awb-inner-bg-position:center center;--awb-inner-bg-size:cover;width:33.333333333333%;width:calc(33.333333333333% - ( ( 3% + 3% ) * 0.33333333333333 ) );margin-right: 3%;\"><span class=\"fusion-column-inner-bg hover-type-zoomin\"><a class=\"fusion-column-anchor\" href=\"?page_id=130\"><span class=\"fusion-column-inner-bg-image\"><\/span><\/a><\/span><div class=\"fusion-column-wrapper fusion-flex-column-wrapper-legacy fusion-column-has-bg-image\" data-bg-url=\"https:\/\/www.docteur-ghibaudo.com\/wp-content\/uploads\/2018\/04\/intervention-4-fils-tenseurs.jpg\"><div class=\"fusion-text fusion-text-6\"><h3 style=\"text-align: center;\">Fils tenseurs<\/h3>\n<\/div><div class=\"fusion-clearfix\"><\/div><\/div><\/div><div class=\"fusion-layout-column fusion_builder_column fusion-builder-column-6 fusion_builder_column_1_3 1_3 fusion-one-third fusion-column-last fusion-column-inner-bg-wrapper bloc-intervention\" style=\"--awb-inner-bg-image:url(&#039;https:\/\/www.docteur-ghibaudo.com\/wp-content\/uploads\/2018\/04\/intervention-5-lasers-rougeurs.jpg&#039;);--awb-inner-bg-position:center center;--awb-inner-bg-size:cover;width:33.333333333333%;width:calc(33.333333333333% - ( ( 3% + 3% ) * 0.33333333333333 ) );\"><span class=\"fusion-column-inner-bg hover-type-zoomin\"><a class=\"fusion-column-anchor\" href=\"?page_id=141\"><span class=\"fusion-column-inner-bg-image\"><\/span><\/a><\/span><div class=\"fusion-column-wrapper fusion-flex-column-wrapper-legacy fusion-column-has-bg-image\" data-bg-url=\"https:\/\/www.docteur-ghibaudo.com\/wp-content\/uploads\/2018\/04\/intervention-5-lasers-rougeurs.jpg\"><div class=\"fusion-text fusion-text-7\"><h3 style=\"text-align: center;\">Laser rougeurs, t\u00e2ches brunes<\/h3>\n<\/div><div class=\"fusion-clearfix\"><\/div><\/div><\/div><div class=\"fusion-layout-column fusion_builder_column fusion-builder-column-7 fusion_builder_column_1_3 1_3 fusion-one-third fusion-column-first fusion-column-inner-bg-wrapper bloc-intervention\" style=\"--awb-inner-bg-image:url(&#039;https:\/\/www.docteur-ghibaudo.com\/wp-content\/uploads\/2018\/04\/intervention-6-peelings.jpg&#039;);--awb-inner-bg-position:center center;--awb-inner-bg-size:cover;width:33.333333333333%;width:calc(33.333333333333% - ( ( 3% + 3% ) * 0.33333333333333 ) );margin-right: 3%;\"><span class=\"fusion-column-inner-bg hover-type-zoomin\"><a class=\"fusion-column-anchor\" href=\"?page_id=165\"><span class=\"fusion-column-inner-bg-image\"><\/span><\/a><\/span><div class=\"fusion-column-wrapper fusion-flex-column-wrapper-legacy fusion-column-has-bg-image\" data-bg-url=\"https:\/\/www.docteur-ghibaudo.com\/wp-content\/uploads\/2018\/04\/intervention-6-peelings.jpg\"><div class=\"fusion-text fusion-text-8\"><h3 style=\"text-align: center;\">Peelings<\/h3>\n<\/div><div class=\"fusion-clearfix\"><\/div><\/div><\/div><div class=\"fusion-layout-column fusion_builder_column fusion-builder-column-8 fusion_builder_column_1_3 1_3 fusion-one-third fusion-column-inner-bg-wrapper bloc-intervention\" style=\"--awb-inner-bg-image:url(&#039;https:\/\/www.docteur-ghibaudo.com\/wp-content\/uploads\/2018\/04\/intervention-7-transpiration.jpg&#039;);--awb-inner-bg-position:center center;--awb-inner-bg-size:cover;width:33.333333333333%;width:calc(33.333333333333% - ( ( 3% + 3% ) * 0.33333333333333 ) );margin-right: 3%;\"><span class=\"fusion-column-inner-bg hover-type-zoomin\"><a class=\"fusion-column-anchor\" href=\"?page_id=181\"><span class=\"fusion-column-inner-bg-image\"><\/span><\/a><\/span><div class=\"fusion-column-wrapper fusion-flex-column-wrapper-legacy fusion-column-has-bg-image\" data-bg-url=\"https:\/\/www.docteur-ghibaudo.com\/wp-content\/uploads\/2018\/04\/intervention-7-transpiration.jpg\"><div class=\"fusion-text fusion-text-9\"><h3 style=\"text-align: center;\">Transpiration axillaire<\/h3>\n<\/div><div class=\"fusion-clearfix\"><\/div><\/div><\/div><div class=\"fusion-layout-column fusion_builder_column fusion-builder-column-9 fusion_builder_column_1_3 1_3 fusion-one-third fusion-column-last fusion-column-inner-bg-wrapper bloc-intervention\" style=\"--awb-inner-bg-image:url(&#039;https:\/\/www.docteur-ghibaudo.com\/wp-content\/uploads\/2018\/04\/intervention-8-nettoyage-peau.jpg&#039;);--awb-inner-bg-position:center center;--awb-inner-bg-size:cover;width:33.333333333333%;width:calc(33.333333333333% - ( ( 3% + 3% ) * 0.33333333333333 ) );\"><span class=\"fusion-column-inner-bg hover-type-zoomin\"><a class=\"fusion-column-anchor\" href=\"?page_id=156\"><span class=\"fusion-column-inner-bg-image\"><\/span><\/a><\/span><div class=\"fusion-column-wrapper fusion-flex-column-wrapper-legacy fusion-column-has-bg-image\" data-bg-url=\"https:\/\/www.docteur-ghibaudo.com\/wp-content\/uploads\/2018\/04\/intervention-8-nettoyage-peau.jpg\"><div class=\"fusion-text fusion-text-10\"><h3 style=\"text-align: center;\">Nettoyage de peau<\/h3>\n<\/div><div class=\"fusion-clearfix\"><\/div><\/div><\/div><\/div><\/div><div class=\"fusion-fullwidth fullwidth-box fusion-builder-row-3 nonhundred-percent-fullwidth non-hundred-percent-height-scrolling\" style=\"--awb-border-radius-top-left:0px;--awb-border-radius-top-right:0px;--awb-border-radius-bottom-right:0px;--awb-border-radius-bottom-left:0px;--awb-padding-top:80px;--awb-padding-bottom:30px;--awb-flex-wrap:wrap;\" ><div class=\"fusion-builder-row fusion-row\"><\/div><\/div><div class=\"fusion-fullwidth fullwidth-box fusion-builder-row-4 nonhundred-percent-fullwidth non-hundred-percent-height-scrolling\" style=\"--awb-border-radius-top-left:0px;--awb-border-radius-top-right:0px;--awb-border-radius-bottom-right:0px;--awb-border-radius-bottom-left:0px;--awb-padding-top:30px;--awb-padding-bottom:50px;--awb-margin-top:80px;--awb-background-color:#e2e0e0;--awb-flex-wrap:wrap;\" id=\"apropos-home\" ><div class=\"fusion-builder-row fusion-row\"><div class=\"fusion-layout-column fusion_builder_column fusion-builder-column-10 fusion_builder_column_1_1 1_1 fusion-one-full fusion-column-first fusion-column-last\" style=\"--awb-bg-size:cover;\"><div class=\"fusion-column-wrapper fusion-flex-column-wrapper-legacy\"><div class=\"fusion-text fusion-text-11\"><p><img decoding=\"async\" class=\"aligncenter size-full wp-image-46 apropos-home-logo\" src=\"https:\/\/www.docteur-ghibaudo.com\/wp-content\/uploads\/2018\/04\/logo-cabinet.png\" alt=\"\" width=\"120\" height=\"120\" srcset=\"https:\/\/www.docteur-ghibaudo.com\/wp-content\/uploads\/2018\/04\/logo-cabinet-66x66.png 66w, https:\/\/www.docteur-ghibaudo.com\/wp-content\/uploads\/2018\/04\/logo-cabinet.png 120w\" sizes=\"(max-width: 120px) 100vw, 120px\" \/><\/p>\n<\/div><div class=\"fusion-clearfix\"><\/div><\/div><\/div><div class=\"fusion-layout-column fusion_builder_column fusion-builder-column-11 fusion_builder_column_1_2 1_2 fusion-one-half fusion-column-first\" style=\"--awb-bg-size:cover;width:50%;width:calc(50% - ( ( 4% ) * 0.5 ) );margin-right: 4%;\"><div class=\"fusion-column-wrapper fusion-flex-column-wrapper-legacy\"><div class=\"fusion-column-content-centered\"><div class=\"fusion-column-content\"><div class=\"fusion-text fusion-text-12\"><p><img decoding=\"async\" class=\"aligncenter wp-image-347 size-full\" src=\"https:\/\/www.docteur-ghibaudo.com\/wp-content\/uploads\/2019\/05\/docteur-ghibaudo.jpg\" alt=\"\" width=\"800\" height=\"687\" srcset=\"https:\/\/www.docteur-ghibaudo.com\/wp-content\/uploads\/2019\/05\/docteur-ghibaudo-200x172.jpg 200w, https:\/\/www.docteur-ghibaudo.com\/wp-content\/uploads\/2019\/05\/docteur-ghibaudo-300x258.jpg 300w, https:\/\/www.docteur-ghibaudo.com\/wp-content\/uploads\/2019\/05\/docteur-ghibaudo-400x344.jpg 400w, https:\/\/www.docteur-ghibaudo.com\/wp-content\/uploads\/2019\/05\/docteur-ghibaudo-600x515.jpg 600w, https:\/\/www.docteur-ghibaudo.com\/wp-content\/uploads\/2019\/05\/docteur-ghibaudo-768x660.jpg 768w, https:\/\/www.docteur-ghibaudo.com\/wp-content\/uploads\/2019\/05\/docteur-ghibaudo.jpg 800w\" sizes=\"(max-width: 800px) 100vw, 800px\" \/><\/p>\n<\/div><\/div><\/div><div class=\"fusion-clearfix\"><\/div><\/div><\/div><div class=\"fusion-layout-column fusion_builder_column fusion-builder-column-12 fusion_builder_column_1_2 1_2 fusion-one-half fusion-column-last\" style=\"--awb-bg-size:cover;--awb-margin-top:30px;width:50%;width:calc(50% - ( ( 4% ) * 0.5 ) );\" id=\"apropos-home-intro\"><div class=\"fusion-column-wrapper fusion-flex-column-wrapper-legacy\"><div class=\"fusion-column-content-centered\"><div class=\"fusion-column-content\"><div class=\"fusion-text fusion-text-13\"><p><img decoding=\"async\" class=\"alignnone size-full wp-image-47\" src=\"https:\/\/www.docteur-ghibaudo.com\/wp-content\/uploads\/2018\/04\/guillemets.png\" alt=\"\" width=\"96\" height=\"66\" \/><\/p>\n<p class=\"chapeau-docteur\">Le dermatologue, expert scientifique de la peau, est votre interlocuteur privil\u00e9gi\u00e9 pour la prise en charge de votre vieillissement cutan\u00e9 du visage et du corps.<\/p>\n<\/div><\/div><\/div><div class=\"fusion-clearfix\"><\/div><\/div><\/div><div class=\"fusion-layout-column fusion_builder_column fusion-builder-column-13 fusion_builder_column_1_1 1_1 fusion-one-full fusion-column-first fusion-column-last max-630px\" style=\"--awb-bg-size:cover;\"><div class=\"fusion-column-wrapper fusion-flex-column-wrapper-legacy\"><div class=\"fusion-text fusion-text-14\"><p><img decoding=\"async\" class=\"aligncenter size-full wp-image-48\" src=\"https:\/\/www.docteur-ghibaudo.com\/wp-content\/uploads\/2018\/04\/ornement.png\" alt=\"\" width=\"81\" height=\"27\" \/><\/p>\n<p style=\"text-align: justify;\">Le <strong>Docteur Nathalie GHIBAUDO<\/strong> vous propose une <strong>analyse personnalis\u00e9e<\/strong> et une expertise m\u00e9dicale et esth\u00e9tique de votre peau afin d\u2019embellir, pr\u00e9venir, rajeunir votre peau avec un<strong> r\u00e9sultat naturel<\/strong>.<\/p>\n<p style=\"text-align: justify;\">Lisser vos rides, am\u00e9liorer les contours de votre visage ou de vos l\u00e8vres tout en <strong>gardant le naturel<\/strong> de votre visage, c\u2019est vous qui d\u00e9cidez en accord avec le docteur ce que vous souhaitez r\u00e9aliser. C\u2019est pour cette raison que la premi\u00e8re consultation esth\u00e9tique de l\u2019analyse globale de votre visage est primordiale pour bien d\u00e9finir vos souhaits et ce qui est r\u00e9alisable.<\/p>\n<p style=\"text-align: justify;\">Le Docteur GHIBAUDO est sp\u00e9cialis\u00e9e en dermatologie esth\u00e9tique. Avec les<strong> injections d&rsquo;acide hyaluronique, de toxine botulinique \/ botox<\/strong>, une plateforme de <strong>lasers<\/strong>, des <strong>peelings<\/strong> superficiels \u00e0 moyens, la prise en charge et le suivi sont de qualit\u00e9. Les produits utilis\u00e9s sont s\u00e9curis\u00e9s et de marque fran\u00e7aise majoritairement.<\/p>\n<p style=\"text-align: justify;\">Votre dermatologue est votre partenaire jeunesse, sans chirurgie.<\/p>\n<p style=\"text-align: justify;\"><em><strong> Le Docteur GHIBAUDO est m\u00e9decin Dermatologue, ancien interne des H\u00f4pitaux de Nice, expert en Dermatologie Esth\u00e9tique,\u00a0majore de sa\u00a0 promotion.<\/strong><\/em><\/p>\n<\/div><div class=\"fusion-clearfix\"><\/div><\/div><\/div><\/div><\/div><div class=\"fusion-fullwidth fullwidth-box fusion-builder-row-5 nonhundred-percent-fullwidth non-hundred-percent-height-scrolling\" style=\"--awb-border-radius-top-left:0px;--awb-border-radius-top-right:0px;--awb-border-radius-bottom-right:0px;--awb-border-radius-bottom-left:0px;--awb-padding-top:60px;--awb-padding-bottom:50px;--awb-flex-wrap:wrap;\" id=\"coordonnees-home\" ><div class=\"fusion-builder-row fusion-row\"><div class=\"fusion-layout-column fusion_builder_column fusion-builder-column-14 fusion_builder_column_1_1 1_1 fusion-one-full fusion-column-first fusion-column-last\" style=\"--awb-bg-size:cover;\"><div class=\"fusion-column-wrapper fusion-flex-column-wrapper-legacy\"><div class=\"fusion-text fusion-text-15\"><p style=\"text-align: center;\">Adresse du cabinet :<br \/>\n83 av. Victor Tuby &#8211; Bat. A, les lucioles &#8211; 2e \u00e9tage &#8211; 06140 VENCE<br \/>\n<span class=\"telephone-home\">T\u00e9l. 09 86 40 04 40<\/span><\/p>\n<\/div><iframe src=\"https:\/\/www.google.com\/maps\/embed?pb=!1m18!1m12!1m3!1d2883.316062354289!2d7.105945167318712!3d43.72476063390772!2m3!1f0!2f0!3f0!3m2!1i1024!2i768!4f13.1!3m3!1m2!1s0x12cdcd58f2f1cb51%3A0x5de522abfc50d9b8!2s83+Avenue+Victor+Tuby%2C+06140+Vence!5e0!3m2!1sfr!2sfr!4v1524062437216\" width=\"640\" height=\"360\" frameborder=\"0\" style=\"border:0\" allowfullscreen><\/iframe><div class=\"fusion-clearfix\"><\/div><\/div><\/div><\/div><\/div><div class=\"fusion-fullwidth fullwidth-box fusion-builder-row-6 fusion-parallax-none nonhundred-percent-fullwidth non-hundred-percent-height-scrolling\" style=\"--awb-background-position:left center;--awb-border-radius-top-left:0px;--awb-border-radius-top-right:0px;--awb-border-radius-bottom-right:0px;--awb-border-radius-bottom-left:0px;--awb-padding-top:50px;--awb-padding-bottom:25px;--awb-background-color:#645b58;--awb-background-image:url(&quot;https:\/\/www.docteur-ghibaudo.com\/wp-content\/uploads\/2018\/04\/disclaimer-bg.jpg&quot;);--awb-background-size:cover;--awb-flex-wrap:wrap;\" id=\"disclaimer-home\" ><div class=\"fusion-builder-row fusion-row\"><div class=\"fusion-layout-column fusion_builder_column fusion-builder-column-15 fusion_builder_column_1_2 1_2 fusion-one-half fusion-column-first\" style=\"--awb-bg-size:cover;width:50%;width:calc(50% - ( ( 4% ) * 0.5 ) );margin-right: 4%;\"><div class=\"fusion-column-wrapper fusion-flex-column-wrapper-legacy\"><div class=\"fusion-clearfix\"><\/div><\/div><\/div><div class=\"fusion-layout-column fusion_builder_column fusion-builder-column-16 fusion_builder_column_1_2 1_2 fusion-one-half fusion-column-last\" style=\"--awb-bg-size:cover;width:50%;width:calc(50% - ( ( 4% ) * 0.5 ) );\"><div class=\"fusion-column-wrapper fusion-flex-column-wrapper-legacy\"><div class=\"fusion-text fusion-text-16\"><p style=\"text-align: justify;\">Les actes esth\u00e9tiques ne sont pas pris en charge par la s\u00e9curit\u00e9 sociale : Aucun remboursement n&rsquo;est possible et aucun arr\u00eat de travail ne pourra \u00eatre accord\u00e9 pour les actes \u00e0 vis\u00e9e esth\u00e9tique.<\/p>\n<p style=\"text-align: justify;\"><strong>Chaque traitement r\u00e9alis\u00e9 par le DR. GHIBAUDO, est soumis \u00e0 une consultation pr\u00e9alable avec le m\u00e9decin qui comprend un examen clinique complet, la prise de photographies, et la remise d\u2019un devis et du consentement \u00e9clair\u00e9.<\/strong><\/p>\n<p>Ascenseur non accessible aux fauteuils roulants.<\/p>\n<\/div><div class=\"fusion-clearfix\"><\/div><\/div><\/div><\/div><\/div><\/p>\n","protected":false},"excerpt":{"rendered":"","protected":false},"author":1,"featured_media":0,"parent":0,"menu_order":0,"comment_status":"closed","ping_status":"closed","template":"100-width.php","meta":{"footnotes":""},"class_list":["post-11","page","type-page","status-publish","hentry"],"_links":{"self":[{"href":"https:\/\/www.docteur-ghibaudo.com\/index.php\/wp-json\/wp\/v2\/pages\/11","targetHints":{"allow":["GET"]}}],"collection":[{"href":"https:\/\/www.docteur-ghibaudo.com\/index.php\/wp-json\/wp\/v2\/pages"}],"about":[{"href":"https:\/\/www.docteur-ghibaudo.com\/index.php\/wp-json\/wp\/v2\/types\/page"}],"author":[{"embeddable":true,"href":"https:\/\/www.docteur-ghibaudo.com\/index.php\/wp-json\/wp\/v2\/users\/1"}],"replies":[{"embeddable":true,"href":"https:\/\/www.docteur-ghibaudo.com\/index.php\/wp-json\/wp\/v2\/comments?post=11"}],"version-history":[{"count":75,"href":"https:\/\/www.docteur-ghibaudo.com\/index.php\/wp-json\/wp\/v2\/pages\/11\/revisions"}],"predecessor-version":[{"id":455,"href":"https:\/\/www.docteur-ghibaudo.com\/index.php\/wp-json\/wp\/v2\/pages\/11\/revisions\/455"}],"wp:attachment":[{"href":"https:\/\/www.docteur-ghibaudo.com\/index.php\/wp-json\/wp\/v2\/media?parent=11"}],"curies":[{"name":"wp","href":"https:\/\/api.w.org\/{rel}","templated":true}]}}