{"id":119,"date":"2018-04-19T16:42:07","date_gmt":"2018-04-19T14:42:07","guid":{"rendered":"https:\/\/www.docteur-ghibaudo.com\/?page_id=119"},"modified":"2022-11-26T10:04:58","modified_gmt":"2022-11-26T09:04:58","slug":"contact","status":"publish","type":"page","link":"https:\/\/www.docteur-ghibaudo.com\/index.php\/contact\/","title":{"rendered":"Contact"},"content":{"rendered":"<div class=\"fusion-fullwidth fullwidth-box fusion-builder-row-1 nonhundred-percent-fullwidth non-hundred-percent-height-scrolling\" style=\"--awb-border-radius-top-left:0px;--awb-border-radius-top-right:0px;--awb-border-radius-bottom-right:0px;--awb-border-radius-bottom-left:0px;--awb-padding-bottom:100px;--awb-flex-wrap:wrap;\" id=\"coordonnees-home\" ><div class=\"fusion-builder-row fusion-row\"><div class=\"fusion-layout-column fusion_builder_column fusion-builder-column-0 fusion_builder_column_1_1 1_1 fusion-one-full fusion-column-first fusion-column-last\" style=\"--awb-bg-size:cover;\"><div class=\"fusion-column-wrapper fusion-flex-column-wrapper-legacy\"><div class=\"fusion-text fusion-text-1\"><p style=\"text-align: center;\">Adresse du cabinet :<br \/>\n83 av. Victor Tuby &#8211; Bat. A, les lucioles &#8211; 2e \u00e9tage &#8211; 06140 VENCE<br \/>\n<span class=\"telephone-home\">T\u00e9l. 09 86 40 04 40<br \/>\n<\/span><\/p>\n<p style=\"text-align: center;\">Vous pouvez \u00e9galement contacter le secr\u00e9tariat pour prendre RDV par SMS au <strong>06 30 16 23 83<\/strong> ou par mail: <u><strong><a href=\"mailto:secretariat@docrdv.fr\">secretariat@docrdv.fr<\/a><\/strong><\/u><\/p>\n<p style=\"text-align: center;\">Possibilit\u00e9 de prendre directement en ligne, pour les patients d\u00e9j\u00e0 suivis, <a href=\"https:\/\/www.docteur-rendez-vous.fr\/recherche\/06140\/VENCE\/Dermatologue-(Diplome-de-dermatologie-esthetique,-laser-et-cosmetologie)\/Nathalie-GHIBAUDO\" target=\"_blank\" rel=\"noopener noreferrer\"><b><u>sur Docteur RDV &gt;<\/u><\/b><\/a><\/p>\n<\/div><div class=\"fusion-text fusion-text-2\"><\/div><iframe src=\"https:\/\/www.google.com\/maps\/embed?pb=!1m18!1m12!1m3!1d2883.316062354289!2d7.105945167318712!3d43.72476063390772!2m3!1f0!2f0!3f0!3m2!1i1024!2i768!4f13.1!3m3!1m2!1s0x12cdcd58f2f1cb51%3A0x5de522abfc50d9b8!2s83+Avenue+Victor+Tuby%2C+06140+Vence!5e0!3m2!1sfr!2sfr!4v1524062437216\" width=\"640\" height=\"360\" frameborder=\"0\" style=\"border:0\" allowfullscreen><\/iframe><div class=\"fusion-clearfix\"><\/div><\/div><\/div><\/div><\/div>\n","protected":false},"excerpt":{"rendered":"","protected":false},"author":1,"featured_media":0,"parent":0,"menu_order":0,"comment_status":"closed","ping_status":"closed","template":"100-width.php","meta":{"footnotes":""},"class_list":["post-119","page","type-page","status-publish","hentry"],"_links":{"self":[{"href":"https:\/\/www.docteur-ghibaudo.com\/index.php\/wp-json\/wp\/v2\/pages\/119","targetHints":{"allow":["GET"]}}],"collection":[{"href":"https:\/\/www.docteur-ghibaudo.com\/index.php\/wp-json\/wp\/v2\/pages"}],"about":[{"href":"https:\/\/www.docteur-ghibaudo.com\/index.php\/wp-json\/wp\/v2\/types\/page"}],"author":[{"embeddable":true,"href":"https:\/\/www.docteur-ghibaudo.com\/index.php\/wp-json\/wp\/v2\/users\/1"}],"replies":[{"embeddable":true,"href":"https:\/\/www.docteur-ghibaudo.com\/index.php\/wp-json\/wp\/v2\/comments?post=119"}],"version-history":[{"count":25,"href":"https:\/\/www.docteur-ghibaudo.com\/index.php\/wp-json\/wp\/v2\/pages\/119\/revisions"}],"predecessor-version":[{"id":465,"href":"https:\/\/www.docteur-ghibaudo.com\/index.php\/wp-json\/wp\/v2\/pages\/119\/revisions\/465"}],"wp:attachment":[{"href":"https:\/\/www.docteur-ghibaudo.com\/index.php\/wp-json\/wp\/v2\/media?parent=119"}],"curies":[{"name":"wp","href":"https:\/\/api.w.org\/{rel}","templated":true}]}}