{"id":122,"date":"2018-04-19T16:51:08","date_gmt":"2018-04-19T14:51:08","guid":{"rendered":"https:\/\/www.docteur-ghibaudo.com\/?page_id=122"},"modified":"2026-02-16T11:21:56","modified_gmt":"2026-02-16T10:21:56","slug":"tarifs","status":"publish","type":"page","link":"https:\/\/www.docteur-ghibaudo.com\/index.php\/tarifs\/","title":{"rendered":"Tarifs des prestations"},"content":{"rendered":"<p><div class=\"fusion-fullwidth fullwidth-box fusion-builder-row-1 nonhundred-percent-fullwidth non-hundred-percent-height-scrolling\" style=\"--awb-border-radius-top-left:0px;--awb-border-radius-top-right:0px;--awb-border-radius-bottom-right:0px;--awb-border-radius-bottom-left:0px;--awb-flex-wrap:wrap;\" id=\"tarifs\" ><div class=\"fusion-builder-row fusion-row\"><div class=\"fusion-layout-column fusion_builder_column fusion-builder-column-0 fusion_builder_column_1_2 1_2 fusion-one-half fusion-column-first\" style=\"--awb-bg-size:cover;width:50%;width:calc(50% - ( ( 4% ) * 0.5 ) );margin-right: 4%;\"><div class=\"fusion-column-wrapper fusion-flex-column-wrapper-legacy\">\n<div class=\"table-1\">\n<table width=\"100%\">\n<thead>\n<tr>\n<th colspan=\"2\" align=\"left\">1\u00e8re consultation esth\u00e9tique<\/th>\n<\/tr>\n<\/thead>\n<tbody>\n<tr>\n<td align=\"left\">Analyse globale du visage et devis<\/td>\n<td align=\"left\">70 \u20ac<\/td>\n<\/tr>\n<\/tbody>\n<\/table>\n<\/div>\n\n<div class=\"table-1\">\n<table width=\"100%\">\n<thead>\n<tr>\n<th colspan=\"2\" align=\"left\">Nettoyage de peau<\/th>\n<\/tr>\n<\/thead>\n<tbody>\n<tr>\n<td align=\"left\">La s\u00e9ance<\/td>\n<td align=\"left\">100\u20ac<\/td>\n<\/tr>\n<\/tbody>\n<\/table>\n<\/div>\n\n<div class=\"table-1\">\n<p>&nbsp;<\/p>\n<p>&nbsp;<\/p>\n<table width=\"100%\">\n<thead>\n<tr>\n<th align=\"left\">Peelings<\/th>\n<th align=\"left\">&nbsp;<\/th>\n<\/tr>\n<\/thead>\n<tbody>\n<tr>\n<td align=\"left\">Acide glycolique<\/td>\n<td align=\"left\">130 \u20ac la s\u00e9ance<\/td>\n<\/tr>\n<tr>\n<td align=\"left\">TCA<\/td>\n<td align=\"left\">175 \u20ac la s\u00e9ance<\/td>\n<\/tr>\n<tr>\n<td align=\"left\">M\u00e9lapeel<\/td>\n<td align=\"left\">150 \u20ac la s\u00e9ance<\/td>\n<\/tr>\n<tr>\n<td align=\"left\">Cosmo peel forte<\/td>\n<td align=\"left\">320 \u20ac la s\u00e9ance<\/td>\n<\/tr>\n<tr>\n<td align=\"left\">Peeling 30% Ph\u00e9nol<\/td>\n<td align=\"left\">de 650 \u00e0 900 \u20ac la s\u00e9ance<\/td>\n<\/tr>\n<\/tbody>\n<\/table>\n<\/div>\n\n<div class=\"table-1\">\n<table width=\"100%\">\n<thead>\n<tr>\n<th align=\"left\">Injections<\/th>\n<th align=\"left\"><\/th>\n<\/tr>\n<\/thead>\n<tbody>\n<tr>\n<td align=\"left\">Acide hyaluronique<\/td>\n<td align=\"left\">\u00e0 partir de 320 \u20ac la s\u00e9ance<\/td>\n<\/tr>\n<tr>\n<td align=\"left\">M\u00e9soth\u00e9rapie<\/td>\n<td align=\"left\">\u00e0 partir de 200 \u20ac la s\u00e9ance<\/td>\n<\/tr>\n<tr>\n<td align=\"left\">Toxine botulique<\/td>\n<td align=\"left\">\u00e0 partir de 340 \u20ac la s\u00e9ance<\/td>\n<\/tr>\n<\/tbody>\n<\/table>\n<\/div>\n\n<div class=\"table-1\">\n<p>&nbsp;<\/p>\n<table width=\"100%\">\n<thead>\n<tr>\n<th align=\"left\">Laser \u00e9pilations*<\/th>\n<th align=\"left\">&nbsp;<\/th>\n<\/tr>\n<\/thead>\n<tbody>\n<tr>\n<td align=\"left\">Aisselles<\/td>\n<td align=\"left\">90 \u20ac la s\u00e9ance<\/td>\n<\/tr>\n<tr>\n<td align=\"left\">Maillot<\/td>\n<td align=\"left\">130 \u00e0 160 \u20ac la s\u00e9ance<\/td>\n<\/tr>\n<tr>\n<td align=\"left\">\u00bd jambes<\/td>\n<td align=\"left\">250 \u20ac la s\u00e9ance<\/td>\n<\/tr>\n<tr>\n<td align=\"left\">Jambes compl\u00e8tes<\/td>\n<td align=\"left\">400 \u20ac la s\u00e9ance<\/td>\n<\/tr>\n<tr>\n<td align=\"left\">Moustache<\/td>\n<td align=\"left\">70 \u20ac la s\u00e9ance<\/td>\n<\/tr>\n<tr>\n<td align=\"left\">Moustache + menton<\/td>\n<td align=\"left\">90 \u20ac la s\u00e9ance<\/td>\n<\/tr>\n<tr>\n<td align=\"left\">Dos<\/td>\n<td align=\"left\">250 \u20ac la s\u00e9ance<\/td>\n<\/tr>\n<tr>\n<td align=\"left\">Avant bras<\/td>\n<td align=\"left\">150 \u20ac la s\u00e9ance<\/td>\n<\/tr>\n<tr>\n<td colspan=\"2\" align=\"left\"><em>*Forfaits possibles si traitement de plusieurs zones combin\u00e9es : -10% pour 2 zones, -15% pour 3 zones, -20% pour 4 zones.<\/em><\/td>\n<\/tr>\n<\/tbody>\n<\/table>\n<\/div>\n\n<div class=\"table-1\">\n<table width=\"100%\">\n<thead>\n<tr>\n<th align=\"left\">Laser t\u00e2ches brunes<\/th>\n<th align=\"left\">&nbsp;<\/th>\n<\/tr>\n<\/thead>\n<tbody>\n<tr>\n<td align=\"left\">Visage<\/td>\n<td align=\"left\">130 \u00e0 160 \u20ac la s\u00e9ance<\/td>\n<\/tr>\n<tr>\n<td align=\"left\">D\u00e9collet\u00e9<\/td>\n<td align=\"left\">160 \u20ac la s\u00e9ance<\/td>\n<\/tr>\n<tr>\n<td align=\"left\">Mains<\/td>\n<td align=\"left\">130 \u20ac la s\u00e9ance<\/td>\n<\/tr>\n<tr>\n<td align=\"left\">Jambes<\/td>\n<td align=\"left\">350 \u20ac la s\u00e9ance<\/td>\n<\/tr>\n<\/tbody>\n<\/table>\n<\/div>\n<div class=\"fusion-clearfix\"><\/div><\/div><\/div><div class=\"fusion-layout-column fusion_builder_column fusion-builder-column-1 fusion_builder_column_1_2 1_2 fusion-one-half fusion-column-last\" style=\"--awb-bg-size:cover;width:50%;width:calc(50% - ( ( 4% ) * 0.5 ) );\"><div class=\"fusion-column-wrapper fusion-flex-column-wrapper-legacy\">\n<div class=\"table-1\">\n<table width=\"100%\">\n<thead>\n<tr>\n<th align=\"left\">Laser vasculaire<\/th>\n<th align=\"left\"><\/th>\n<\/tr>\n<\/thead>\n<tbody>\n<tr>\n<td align=\"left\">Angiome rubis<\/td>\n<td align=\"left\">\u00e0 partir de 100 \u20ac la s\u00e9ance<\/td>\n<\/tr>\n<tr>\n<td align=\"left\">Couperose<\/td>\n<td align=\"left\">\u00e0 partir de 130 \u20ac la s\u00e9ance<\/td>\n<\/tr>\n<\/tbody>\n<\/table>\n<\/div>\n\n<div class=\"table-1\">\n<p>&nbsp;<\/p>\n<table width=\"100%\">\n<thead>\n<tr>\n<th align=\"left\">Laser plasma<\/th>\n<th align=\"left\">&nbsp;<\/th>\n<\/tr>\n<\/thead>\n<tbody>\n<tr>\n<td align=\"left\">Rel\u00e2chement paupi\u00e8res, rides, cicatrices, vergetures<\/td>\n<td align=\"left\">\u00e0 partir de 350 \u20ac la s\u00e9ance<\/td>\n<\/tr>\n<\/tbody>\n<\/table>\n<\/div>\n\n<div class=\"table-1\">\n<table width=\"100%\">\n<thead>\n<tr>\n<th align=\"left\">Fils tenseurs<\/th>\n<th align=\"left\">&nbsp;<\/th>\n<\/tr>\n<\/thead>\n<tbody>\n<tr>\n<td align=\"left\">Fils tenseurs acide polylactique<\/td>\n<td align=\"left\">440 \u00e0 1500\u20ac<\/td>\n<\/tr>\n<tr>\n<td align=\"left\">Fils tenseurs PDO<\/td>\n<td align=\"left\">\u00e0 partir de 330\u20ac<\/td>\n<\/tr>\n<\/tbody>\n<\/table>\n<\/div>\n\n<div class=\"table-2\">\n<table width=\"100%\">\n<thead>\n<tr>\n<th align=\"left\">Transpiration<\/th>\n<th align=\"left\"><\/th>\n<\/tr>\n<\/thead>\n<tbody>\n<tr>\n<td align=\"left\">Transpiration toxine botulique<\/td>\n<td align=\"left\">\u00e0 partir de 480 \u20ac<\/td>\n<\/tr>\n<\/tbody>\n<\/table>\n<\/div>\n\n<div class=\"table-1\">\n<p>&nbsp;<\/p>\n<table width=\"100%\">\n<thead>\n<tr>\n<th align=\"left\">Destruction de confort des l\u00e9sions cutan\u00e9es b\u00e9nignes suivantes*<\/th>\n<\/tr>\n<\/thead>\n<tbody>\n<tr>\n<td align=\"left\">Molluscum pendulum (excroissance de chair) ; Keratoses s\u00e9borrh\u00e9iques (verrue s\u00e9borrh\u00e9ique) ; Taches brunes ; Vaisseaux ; Grains de milium, microkyste, com\u00e9don<\/p>\n<p>&nbsp;<\/p>\n<ul>\n<li>De 1 \u00e0 5 l\u00e9sions : 70\u20ac<\/li>\n<li>De 5 \u00e0 10 l\u00e9sions : 90\u20ac<\/li>\n<li>De 10 \u00e0 20 l\u00e9sions : 110\u20ac<\/li>\n<li>De 20 \u00e0 30 l\u00e9sions : 150\u20ac<\/li>\n<li>+ de 30 l\u00e9sions : une 2e s\u00e9ance sera n\u00e9cessaire<\/li>\n<\/ul>\n<p><em>*La m\u00e9thode de destruction sera d\u00e9cid\u00e9e par votre dermatologue en fonction de la meilleure technique \u00e0 utiliser dans votre cas particulier : il pourra s\u2019agit d\u2019azote, \u00e9lectrocoagulation ou extraction.<\/em><\/p>\n<\/td>\n<\/tr>\n<\/tbody>\n<\/table>\n<\/div>\n\n<div class=\"table-1\">\n<p>&nbsp;<\/p>\n<table width=\"100%\">\n<thead>\n<tr>\n<th align=\"left\">Tarif des actes m\u00e9dicaux<\/th>\n<th align=\"left\">&nbsp;<\/th>\n<\/tr>\n<\/thead>\n<tbody>\n<tr>\n<td align=\"left\">Consultation<\/td>\n<td align=\"left\">de 31.50 \u00e0 75\u20ac<\/td>\n<\/tr>\n<tr>\n<td align=\"left\">Examen cutan\u00e9 complet<\/td>\n<td align=\"left\">60\u20ac<\/td>\n<\/tr>\n<tr>\n<td align=\"left\">Chirurgie<\/td>\n<td align=\"left\">de 78.80 \u00e0 150\u20ac<\/td>\n<\/tr>\n<tr>\n<td align=\"left\">Phototh\u00e9rapie dynamique<\/td>\n<td align=\"left\">de 119.20 \u00e0 158.98\u20ac<\/td>\n<\/tr>\n<\/tbody>\n<\/table>\n<\/div>\n<div class=\"fusion-clearfix\"><\/div><\/div><\/div><\/div><\/div><div class=\"fusion-fullwidth fullwidth-box fusion-builder-row-2 nonhundred-percent-fullwidth non-hundred-percent-height-scrolling\" style=\"--awb-border-radius-top-left:0px;--awb-border-radius-top-right:0px;--awb-border-radius-bottom-right:0px;--awb-border-radius-bottom-left:0px;--awb-padding-bottom:50px;--awb-flex-wrap:wrap;\" ><div class=\"fusion-builder-row fusion-row\"><div class=\"fusion-layout-column fusion_builder_column fusion-builder-column-2 fusion_builder_column_1_1 1_1 fusion-one-full fusion-column-first fusion-column-last max-710px\" style=\"--awb-bg-size:cover;\"><div class=\"fusion-column-wrapper fusion-flex-column-wrapper-legacy\"><div class=\"fusion-text fusion-text-1\" style=\"--awb-text-transform:none;\"><p style=\"text-align: center;\"><strong><em>Pour plus d\u2019informations, n\u2019h\u00e9sitez pas \u00e0 vous adresser \u00e0 votre dermatologue afin qu\u2019il vous \u00e9tablisse un devis personnalis\u00e9. <\/em><\/strong><\/p>\n<p style=\"text-align: center;\"><strong><em>Les actes esth\u00e9tiques ne sont pas pris en charge par la s\u00e9curit\u00e9 sociale. <\/em><\/strong><\/p>\n<p style=\"text-align: center;\"><strong><em>Plusieurs s\u00e9ances peuvent \u00eatre n\u00e9cessaires suivant le r\u00e9sultat souhait\u00e9. <\/em><\/strong><\/p>\n<p style=\"text-align: center;\"><strong><em>Tarifs m\u00e9dicaux des actes les plus fr\u00e9quents<\/em><\/strong><\/p>\n<\/div><div class=\"fusion-clearfix\"><\/div><\/div><\/div><\/div><\/div><div class=\"fusion-fullwidth fullwidth-box fusion-builder-row-3 fusion-parallax-none nonhundred-percent-fullwidth non-hundred-percent-height-scrolling\" style=\"--awb-background-position:left center;--awb-border-radius-top-left:0px;--awb-border-radius-top-right:0px;--awb-border-radius-bottom-right:0px;--awb-border-radius-bottom-left:0px;--awb-padding-top:50px;--awb-padding-bottom:25px;--awb-background-color:#645b58;--awb-background-image:url(&quot;https:\/\/www.docteur-ghibaudo.com\/wp-content\/uploads\/2018\/04\/disclaimer-bg.jpg&quot;);--awb-background-size:cover;--awb-flex-wrap:wrap;\" id=\"disclaimer-home\" ><div class=\"fusion-builder-row fusion-row\"><div class=\"fusion-layout-column fusion_builder_column fusion-builder-column-3 fusion_builder_column_1_2 1_2 fusion-one-half fusion-column-first\" style=\"--awb-bg-size:cover;width:50%;width:calc(50% - ( ( 4% ) * 0.5 ) );margin-right: 4%;\"><div class=\"fusion-column-wrapper fusion-flex-column-wrapper-legacy\"><div class=\"fusion-clearfix\"><\/div><\/div><\/div><div class=\"fusion-layout-column fusion_builder_column fusion-builder-column-4 fusion_builder_column_1_2 1_2 fusion-one-half fusion-column-last\" style=\"--awb-bg-size:cover;width:50%;width:calc(50% - ( ( 4% ) * 0.5 ) );\"><div class=\"fusion-column-wrapper fusion-flex-column-wrapper-legacy\"><div class=\"fusion-text fusion-text-2\"><p style=\"text-align: justify;\">Les actes esth\u00e9tiques ne sont pas pris en charge par la s\u00e9curit\u00e9 sociale : Aucun remboursement n&rsquo;est possible et aucun arr\u00eat de travail ne pourra \u00eatre accord\u00e9 pour les actes \u00e0 vis\u00e9e esth\u00e9tique.<\/p>\n<p style=\"text-align: justify;\"><strong>Chaque traitement r\u00e9alis\u00e9 par le DR. GHIBAUDO, est soumis \u00e0 une consultation pr\u00e9alable avec le m\u00e9decin qui comprend un examen clinique complet, la prise de photographies, et la remise d\u2019un devis et du consentement \u00e9clair\u00e9.<\/strong><\/p>\n<p>Ascenseur non accessible aux fauteuils roulants.<\/p>\n<\/div><div class=\"fusion-clearfix\"><\/div><\/div><\/div><\/div><\/div><\/p>\n","protected":false},"excerpt":{"rendered":"","protected":false},"author":1,"featured_media":0,"parent":0,"menu_order":0,"comment_status":"closed","ping_status":"closed","template":"100-width.php","meta":{"footnotes":""},"class_list":["post-122","page","type-page","status-publish","hentry"],"_links":{"self":[{"href":"https:\/\/www.docteur-ghibaudo.com\/index.php\/wp-json\/wp\/v2\/pages\/122","targetHints":{"allow":["GET"]}}],"collection":[{"href":"https:\/\/www.docteur-ghibaudo.com\/index.php\/wp-json\/wp\/v2\/pages"}],"about":[{"href":"https:\/\/www.docteur-ghibaudo.com\/index.php\/wp-json\/wp\/v2\/types\/page"}],"author":[{"embeddable":true,"href":"https:\/\/www.docteur-ghibaudo.com\/index.php\/wp-json\/wp\/v2\/users\/1"}],"replies":[{"embeddable":true,"href":"https:\/\/www.docteur-ghibaudo.com\/index.php\/wp-json\/wp\/v2\/comments?post=122"}],"version-history":[{"count":54,"href":"https:\/\/www.docteur-ghibaudo.com\/index.php\/wp-json\/wp\/v2\/pages\/122\/revisions"}],"predecessor-version":[{"id":482,"href":"https:\/\/www.docteur-ghibaudo.com\/index.php\/wp-json\/wp\/v2\/pages\/122\/revisions\/482"}],"wp:attachment":[{"href":"https:\/\/www.docteur-ghibaudo.com\/index.php\/wp-json\/wp\/v2\/media?parent=122"}],"curies":[{"name":"wp","href":"https:\/\/api.w.org\/{rel}","templated":true}]}}