{"id":156,"date":"2018-04-19T19:02:43","date_gmt":"2018-04-19T17:02:43","guid":{"rendered":"https:\/\/www.docteur-ghibaudo.com\/?page_id=156"},"modified":"2018-11-29T14:39:12","modified_gmt":"2018-11-29T13:39:12","slug":"nettoyage-de-peau","status":"publish","type":"page","link":"https:\/\/www.docteur-ghibaudo.com\/index.php\/nettoyage-de-peau\/","title":{"rendered":"Nettoyage de peau"},"content":{"rendered":"<p><div class=\"fusion-fullwidth fullwidth-box fusion-builder-row-1 nonhundred-percent-fullwidth non-hundred-percent-height-scrolling\" style=\"--awb-border-radius-top-left:0px;--awb-border-radius-top-right:0px;--awb-border-radius-bottom-right:0px;--awb-border-radius-bottom-left:0px;--awb-flex-wrap:wrap;\" ><div class=\"fusion-builder-row fusion-row\"><div class=\"fusion-layout-column fusion_builder_column fusion-builder-column-0 fusion_builder_column_1_1 1_1 fusion-one-full fusion-column-first fusion-column-last max-710px\" style=\"--awb-bg-size:cover;--awb-margin-bottom:30px;\"><div class=\"fusion-column-wrapper fusion-flex-column-wrapper-legacy\"><div class=\"fusion-text fusion-text-1\"><h2 class=\"chapeau\" style=\"text-align: justify;\">Pour d\u00e9barrasser sa peau de ses imperfections, que ce soit sur le visage pour retirer les points noirs (com\u00e9dons) et points blancs (microkystes et\/ou les grains de milium) ; ou sur le corps pour faire disparaitre excroissances de chair (molluscum pendulum), k\u00e9ratoses s\u00e9borrh\u00e9iques ( verrues s\u00e9borrh\u00e9iques), les taches brunes et autres d\u00e9sagr\u00e9ments qui apparaissent avec l\u2019\u00e2ge.<\/h2>\n<\/div><div class=\"fusion-clearfix\"><\/div><\/div><\/div><div class=\"fusion-layout-column fusion_builder_column fusion-builder-column-1 fusion_builder_column_1_1 1_1 fusion-one-full fusion-column-first fusion-column-last\" style=\"--awb-bg-size:cover;--awb-margin-bottom:30px;\"><div class=\"fusion-column-wrapper fusion-flex-column-wrapper-legacy\"><div class=\"fusion-image-element fusion-image-align-center in-legacy-container\" style=\"text-align:center;--awb-caption-title-font-family:var(--h2_typography-font-family);--awb-caption-title-font-weight:var(--h2_typography-font-weight);--awb-caption-title-font-style:var(--h2_typography-font-style);--awb-caption-title-size:var(--h2_typography-font-size);--awb-caption-title-transform:var(--h2_typography-text-transform);--awb-caption-title-line-height:var(--h2_typography-line-height);--awb-caption-title-letter-spacing:var(--h2_typography-letter-spacing);\"><div class=\"imageframe-align-center\"><span class=\" fusion-imageframe imageframe-none imageframe-1 hover-type-none\" style=\"border-radius:10px;\"><img decoding=\"async\" width=\"889\" height=\"409\" alt=\"epilation laser\" title=\"nettoyage-peau-visage-pic\" src=\"https:\/\/www.docteur-ghibaudo.com\/wp-content\/uploads\/2018\/04\/nettoyage-peau-visage-pic.jpg\" class=\"img-responsive wp-image-157\" srcset=\"https:\/\/www.docteur-ghibaudo.com\/wp-content\/uploads\/2018\/04\/nettoyage-peau-visage-pic-200x92.jpg 200w, https:\/\/www.docteur-ghibaudo.com\/wp-content\/uploads\/2018\/04\/nettoyage-peau-visage-pic-400x184.jpg 400w, https:\/\/www.docteur-ghibaudo.com\/wp-content\/uploads\/2018\/04\/nettoyage-peau-visage-pic-600x276.jpg 600w, https:\/\/www.docteur-ghibaudo.com\/wp-content\/uploads\/2018\/04\/nettoyage-peau-visage-pic-800x368.jpg 800w, https:\/\/www.docteur-ghibaudo.com\/wp-content\/uploads\/2018\/04\/nettoyage-peau-visage-pic.jpg 889w\" sizes=\"(max-width: 800px) 100vw, 889px\" \/><\/span><\/div><\/div><div class=\"fusion-clearfix\"><\/div><\/div><\/div><div class=\"fusion-layout-column fusion_builder_column fusion-builder-column-2 fusion_builder_column_1_1 1_1 fusion-one-full fusion-column-first fusion-column-last max-710px\" style=\"--awb-bg-size:cover;--awb-margin-top:50px;\"><div class=\"fusion-column-wrapper fusion-flex-column-wrapper-legacy\"><div class=\"fusion-text fusion-text-2\"><h2 class=\"titre-chapitre\" style=\"text-align: justify;\">Le visage<\/h2>\n<\/div><div class=\"fusion-clearfix\"><\/div><\/div><\/div><div class=\"fusion-layout-column fusion_builder_column fusion-builder-column-3 fusion_builder_column_1_1 1_1 fusion-one-full fusion-column-first fusion-column-last max-710px\" style=\"--awb-bg-size:cover;--awb-margin-bottom:30px;\"><div class=\"fusion-column-wrapper fusion-flex-column-wrapper-legacy\"><div class=\"fusion-text fusion-text-3\"><h3 style=\"text-align: justify;\">Pourquoi doit-on nettoyer sa peau?<\/h3>\n<p style=\"text-align: justify;\">La peau du visage pr\u00e9sente chez beaucoup de personnes des imperfections disgracieuses comme les com\u00e9dons, les points noirs, des microkystes, des boutons d\u2019acn\u00e9, les grains de milium etc\u2026<\/p>\n<p style=\"text-align: justify;\">Ces imperfections peuvent \u00eatre dues \u00e0 une mauvaise alimentation, un probl\u00e8me hormonal, une mauvaise routine de soins.<\/p>\n<p style=\"text-align: justify;\">Le nettoyage a pour but de purifier la peau, de d\u00e9barrasser du maquillage, du s\u00e9bum, de la sueur, de la pollution, la poussi\u00e8re, des salissures, des bact\u00e9ries, etc.<\/p>\n<p style=\"text-align: justify;\">Toutefois, si les imperfections sont trop importantes, il est conseill\u00e9 de recourir aux services d\u2019un professionnel pour purifier la peau en profondeur. Le but est de d\u00e9barrasser la peau de ses impuret\u00e9s pour qu\u2019elle retrouve tout son \u00e9clat et sa fra\u00eecheur<\/p>\n<\/div><div class=\"fusion-clearfix\"><\/div><\/div><\/div><\/div><\/div><div class=\"fusion-fullwidth fullwidth-box fusion-builder-row-2 nonhundred-percent-fullwidth non-hundred-percent-height-scrolling\" style=\"--awb-border-radius-top-left:0px;--awb-border-radius-top-right:0px;--awb-border-radius-bottom-right:0px;--awb-border-radius-bottom-left:0px;--awb-padding-top:30px;--awb-margin-bottom:60px;--awb-background-color:#e2e0e0;--awb-flex-wrap:wrap;\" ><div class=\"fusion-builder-row fusion-row\"><div class=\"fusion-layout-column fusion_builder_column fusion-builder-column-4 fusion_builder_column_1_1 1_1 fusion-one-full fusion-column-first fusion-column-last max-710px\" style=\"--awb-bg-size:cover;\"><div class=\"fusion-column-wrapper fusion-flex-column-wrapper-legacy\"><div class=\"fusion-text fusion-text-4\"><h3 style=\"text-align: center;\">Le nettoyage de peau : pour qui ?<\/h3>\n<p style=\"text-align: center;\"><div class=\"fusion-sep-clear\"><\/div><div class=\"fusion-separator fusion-full-width-sep\" style=\"margin-left: auto;margin-right: auto;width:100%;\"><div class=\"fusion-separator-border sep-double sep-solid\" style=\"--awb-height:20px;--awb-amount:20px;--awb-sep-color:#c7c3c3;border-color:#c7c3c3;border-top-width:1px;border-bottom-width:1px;\"><\/div><\/div><div class=\"fusion-sep-clear\"><\/div><\/p>\n<ul>\n<li style=\"text-align: justify;\">Pour les acn\u00e9s des adolescents<\/li>\n<li style=\"text-align: justify;\">Pour l\u2019acn\u00e9 de l\u2019adulte<\/li>\n<li style=\"text-align: justify;\">Adolescent ou adultes ayant des \u00ab grains de graisse \u00bb sur le visage sans acn\u00e9.<\/li>\n<li style=\"text-align: justify;\">Pour les personnes \u00e0 peau \u00e9paisse et\/ou grasse avec des pores dilat\u00e9s<\/li>\n<\/ul>\n<p>Pour cela il faut pratiquer un acte qui demande un savoir-faire pr\u00e9cis et une formation reconnue. Ainsi, cela consiste en l\u2019\u00e9largissement de l\u2019orifice du com\u00e9don ouvert ou ferm\u00e9 \u00e0 l\u2019aide d\u2019une pointe tranchante, afin de pouvoir en extraire le contenu sans ab\u00eemer la peau.<\/p>\n<p>Il est possible d\u2019associer, \u00e0 la fin de la s\u00e9ance, un <a href=\"?page_id=165\"><span style=\"color: #000000;\">peeling \u00e0 l\u2019acide glycolique ou au TCA<\/span><\/a> afin de resserrer les pores de la peau et emp\u00eacher que le com\u00e9don ne se reforme.<\/p>\n<p>Cet acte m\u00e9dical est donc totalement diff\u00e9rent des nettoyages de peau pratiqu\u00e9s par les esth\u00e9ticiennes.<\/p>\n<\/div><div class=\"fusion-clearfix\"><\/div><\/div><\/div><\/div><\/div><div class=\"fusion-fullwidth fullwidth-box fusion-builder-row-3 nonhundred-percent-fullwidth non-hundred-percent-height-scrolling\" style=\"--awb-border-radius-top-left:0px;--awb-border-radius-top-right:0px;--awb-border-radius-bottom-right:0px;--awb-border-radius-bottom-left:0px;--awb-flex-wrap:wrap;\" ><div class=\"fusion-builder-row fusion-row\"><div class=\"fusion-layout-column fusion_builder_column fusion-builder-column-5 fusion_builder_column_1_1 1_1 fusion-one-full fusion-column-first fusion-column-last max-710px\" style=\"--awb-bg-size:cover;--awb-margin-bottom:30px;\"><div class=\"fusion-column-wrapper fusion-flex-column-wrapper-legacy\"><div class=\"fusion-text fusion-text-5\"><h3 style=\"text-align: justify;\">Comment se d\u00e9roule une s\u00e9ance de nettoyage de peau?<\/h3>\n<p style=\"text-align: justify;\">Les s\u00e9ances peuvent \u00eatre espac\u00e9es de 3 semaines \u00e0 un mois suivant le nombre de l\u00e9sions \u00e0 traiter. Elles doivent, pendant 15 jours \u00e0 3 semaines, \u00eatre pr\u00e9c\u00e9d\u00e9es d\u2019une application quotidienne d\u2019un produit dermatologique (r\u00e9tino\u00efdes ou acides de fruit), destin\u00e9 \u00e0 faciliter l\u2019expulsion des com\u00e9dons et microkystes. Les deux traitements se compl\u00e8tent tr\u00e8s bien et donnent des r\u00e9sultats beaucoup plus rapides.<\/p>\n<p style=\"text-align: justify;\">L\u2019instrument utilis\u00e9 le plus souvent pour cette microchirurgie est une lancette qui fait un trou minuscule et tr\u00e8s superficiel dans la peau et cicatrise en deux \u00e0 trois jours sans laisser de trace. Le retrait du contenu du pore obstru\u00e9 se fait \u00e0 l\u2019aide d\u2019un tire com\u00e9don.<\/p>\n<h3 style=\"text-align: justify;\">Est-ce douloureux ?<\/h3>\n<p style=\"text-align: justify;\">C\u2019est un acte peu douloureux mais tr\u00e8s diversement ressenti par les patients. Certains supportent tr\u00e8s bien une longue s\u00e9ance d\u2019une demi-heure, pour d\u2019autres cela doit \u00eatre plus court.<\/p>\n<p style=\"text-align: justify;\">C\u2019est le traitement par excellence des acn\u00e9s avec de nombreux com\u00e9dons, coupl\u00e9 au traitement m\u00e9dicamenteux.<\/p>\n<p style=\"text-align: justify;\">C\u2019est un acte non rembours\u00e9 par la S\u00e9curit\u00e9 Sociale<\/p>\n<\/div><div class=\"fusion-clearfix\"><\/div><\/div><\/div><\/div><\/div><div class=\"fusion-fullwidth fullwidth-box fusion-builder-row-4 nonhundred-percent-fullwidth non-hundred-percent-height-scrolling\" style=\"--awb-border-radius-top-left:0px;--awb-border-radius-top-right:0px;--awb-border-radius-bottom-right:0px;--awb-border-radius-bottom-left:0px;--awb-flex-wrap:wrap;\" ><div class=\"fusion-builder-row fusion-row\"><div class=\"fusion-layout-column fusion_builder_column fusion-builder-column-6 fusion_builder_column_1_1 1_1 fusion-one-full fusion-column-first fusion-column-last max-710px\" style=\"--awb-bg-size:cover;--awb-margin-top:10px;--awb-margin-bottom:30px;\"><div class=\"fusion-column-wrapper fusion-flex-column-wrapper-legacy\"><div class=\"fusion-text fusion-text-6\"><h2 class=\"titre-chapitre\">Le corps<\/h2>\n<\/div><div class=\"fusion-clearfix\"><\/div><\/div><\/div><div class=\"fusion-layout-column fusion_builder_column fusion-builder-column-7 fusion_builder_column_1_1 1_1 fusion-one-full fusion-column-first fusion-column-last\" style=\"--awb-bg-size:cover;--awb-margin-bottom:30px;\"><div class=\"fusion-column-wrapper fusion-flex-column-wrapper-legacy\"><div class=\"fusion-image-element fusion-image-align-center in-legacy-container\" style=\"text-align:center;--awb-caption-title-font-family:var(--h2_typography-font-family);--awb-caption-title-font-weight:var(--h2_typography-font-weight);--awb-caption-title-font-style:var(--h2_typography-font-style);--awb-caption-title-size:var(--h2_typography-font-size);--awb-caption-title-transform:var(--h2_typography-text-transform);--awb-caption-title-line-height:var(--h2_typography-line-height);--awb-caption-title-letter-spacing:var(--h2_typography-letter-spacing);\"><div class=\"imageframe-align-center\"><span class=\" fusion-imageframe imageframe-none imageframe-2 hover-type-none\" style=\"border-radius:10px;\"><img decoding=\"async\" width=\"889\" height=\"409\" alt=\"epilation laser\" title=\"nettoyage-peau-corps-pic\" src=\"https:\/\/www.docteur-ghibaudo.com\/wp-content\/uploads\/2018\/04\/nettoyage-peau-corps-pic.jpg\" class=\"img-responsive wp-image-160\" srcset=\"https:\/\/www.docteur-ghibaudo.com\/wp-content\/uploads\/2018\/04\/nettoyage-peau-corps-pic-200x92.jpg 200w, https:\/\/www.docteur-ghibaudo.com\/wp-content\/uploads\/2018\/04\/nettoyage-peau-corps-pic-400x184.jpg 400w, https:\/\/www.docteur-ghibaudo.com\/wp-content\/uploads\/2018\/04\/nettoyage-peau-corps-pic-600x276.jpg 600w, https:\/\/www.docteur-ghibaudo.com\/wp-content\/uploads\/2018\/04\/nettoyage-peau-corps-pic-800x368.jpg 800w, https:\/\/www.docteur-ghibaudo.com\/wp-content\/uploads\/2018\/04\/nettoyage-peau-corps-pic.jpg 889w\" sizes=\"(max-width: 800px) 100vw, 889px\" \/><\/span><\/div><\/div><div class=\"fusion-clearfix\"><\/div><\/div><\/div><div class=\"fusion-layout-column fusion_builder_column fusion-builder-column-8 fusion_builder_column_1_1 1_1 fusion-one-full fusion-column-first fusion-column-last max-710px\" style=\"--awb-bg-size:cover;\"><div class=\"fusion-column-wrapper fusion-flex-column-wrapper-legacy\"><div class=\"fusion-text fusion-text-7\"><h3>Les excroissances de chair (molluscum pendulum)<\/h3>\n<p>Elles se pr\u00e9sentent sous la forme d&rsquo;une petite excroissance reli\u00e9e \u00e0 la peau par un fin p\u00e9dicule. Ces petits bouts de chair apparaissent g\u00e9n\u00e9ralement dans le cou, les plis du corps comme les aisselles, pli de l\u2019aine ou sur les paupi\u00e8res. Leur taille est g\u00e9n\u00e9ralement de l&rsquo;ordre de quelques millim\u00e8tres, rarement au-del\u00e0 du centim\u00e8tre. Leur nombre augmente avec l&rsquo;\u00e2ge.<\/p>\n<p>Lorsqu\u2019elles deviennent g\u00eanantes ou qu\u2019elles sont inesth\u00e9tiques, il est possible de les enlever, soit en les d\u00e9truisant avec de l\u2019azote liquide (cryoth\u00e9rapie), soit en les sectionnant au niveau de leur p\u00e9dicule. Ce geste chirurgical est rapide et n\u00e9cessite tout au plus une petite anesth\u00e9sie locale. Il convient de se prot\u00e9ger du soleil les semaines qui suivent la destruction. Mieux vaut donc se les faire retirer \u00e0 l\u2019automne ou en hiver.<\/p>\n<h3>Les k\u00e9ratoses s\u00e9borrh\u00e9iques<\/h3>\n<p>Les k\u00e9ratoses s\u00e9borrh\u00e9iques ou verrues s\u00e9borrh\u00e9iques sont des l\u00e9sions cutan\u00e9es b\u00e9nignes et fr\u00e9quentes.<\/p>\n<p>Unique ou multiples, elles \u00e9pargnent les muqueuses, les paumes et les plantes et se situent volontiers dans les zones s\u00e9borrh\u00e9iques du visage, du d\u00e9collet\u00e9 ou du dos.<\/p>\n<p>Elles apparaissent, le plus souvent vers l\u2019\u00e2ge de 40 ans mais peuvent appara\u00eetre d\u00e8s l\u2019adolescence chez l\u2019homme comme chez la femme.<\/p>\n<p>Elles sont le plus souvent pigment\u00e9es, bien limit\u00e9es, comme pos\u00e9es sur la peau. L\u2019\u00e9volution est chronique et b\u00e9nigne.<\/p>\n<p>Ces l\u00e9sions sont fr\u00e9quemment asymptomatiques mais peuvent devenir sensibles ou d\u00e9manger, notamment \u00e0 la faveur d\u2019un traumatisme. Le traitement est dict\u00e9 par une contrainte esth\u00e9tique. Les l\u00e9sions peuvent \u00eatre trait\u00e9es par curetage ou cryoth\u00e9rapie.<\/p>\n<p>Il convient de se prot\u00e9ger du soleil les semaines qui suivent la destruction. Mieux vaut donc se les faire retirer \u00e0 l\u2019automne ou en hiver.<\/p>\n<p>Ces actes ne sont pas rembours\u00e9s par la s\u00e9curit\u00e9 sociale<\/p>\n<\/div><div class=\"fusion-clearfix\"><\/div><\/div><\/div><\/div><\/div><div class=\"fusion-fullwidth fullwidth-box fusion-builder-row-5 nonhundred-percent-fullwidth non-hundred-percent-height-scrolling\" style=\"--awb-border-radius-top-left:0px;--awb-border-radius-top-right:0px;--awb-border-radius-bottom-right:0px;--awb-border-radius-bottom-left:0px;--awb-padding-bottom:20px;--awb-flex-wrap:wrap;\" id=\"boutons-fin\" ><div class=\"fusion-builder-row fusion-row\"><div class=\"fusion-layout-column fusion_builder_column fusion-builder-column-9 fusion_builder_column_1_1 1_1 fusion-one-full fusion-column-first fusion-column-last max-710px\" style=\"--awb-bg-size:cover;\"><div class=\"fusion-column-wrapper fusion-flex-column-wrapper-legacy\"><div class=\"fusion-image-element fusion-image-align-center in-legacy-container\" style=\"text-align:center;--awb-caption-title-font-family:var(--h2_typography-font-family);--awb-caption-title-font-weight:var(--h2_typography-font-weight);--awb-caption-title-font-style:var(--h2_typography-font-style);--awb-caption-title-size:var(--h2_typography-font-size);--awb-caption-title-transform:var(--h2_typography-text-transform);--awb-caption-title-line-height:var(--h2_typography-line-height);--awb-caption-title-letter-spacing:var(--h2_typography-letter-spacing);\"><div class=\"imageframe-align-center\"><span class=\" fusion-imageframe imageframe-none imageframe-3 hover-type-none\"><img decoding=\"async\" width=\"81\" height=\"27\" title=\"ornement\" src=\"https:\/\/www.docteur-ghibaudo.com\/wp-content\/uploads\/2018\/04\/ornement.png\" alt class=\"img-responsive wp-image-48\"\/><\/span><\/div><\/div><div class=\"fusion-clearfix\"><\/div><\/div><\/div><div class=\"fusion-layout-column fusion_builder_column fusion-builder-column-10 fusion_builder_column_1_1 1_1 fusion-one-full fusion-column-first fusion-column-last max-710px\" style=\"--awb-bg-size:cover;--awb-margin-top:30px;\"><div class=\"fusion-column-wrapper fusion-flex-column-wrapper-legacy\"><div class=\"fusion-text fusion-text-8\"><p style=\"text-align: center;\"><a class=\"boutonrond marron\" href=\"?page_id=122\">Consulter les tarifs<\/a> <a class=\"boutonrond beige\" href=\"?page_id=119\"><i class=\"fb-icon-element-1 fb-icon-element fontawesome-icon fa fa-phone circle-no fusion-text-flow\" style=\"--awb-font-size:20px;--awb-margin-right:10px;\"><\/i>Prendre RDV<\/a><\/p>\n<\/div><div class=\"fusion-clearfix\"><\/div><\/div><\/div><\/div><\/div><div class=\"fusion-fullwidth fullwidth-box fusion-builder-row-6 fusion-parallax-none nonhundred-percent-fullwidth non-hundred-percent-height-scrolling\" style=\"--awb-background-position:left center;--awb-border-radius-top-left:0px;--awb-border-radius-top-right:0px;--awb-border-radius-bottom-right:0px;--awb-border-radius-bottom-left:0px;--awb-padding-top:50px;--awb-padding-bottom:25px;--awb-background-color:#645b58;--awb-background-image:url(&quot;https:\/\/www.docteur-ghibaudo.com\/wp-content\/uploads\/2018\/04\/disclaimer-bg.jpg&quot;);--awb-background-size:cover;--awb-flex-wrap:wrap;\" id=\"disclaimer-home\" ><div class=\"fusion-builder-row fusion-row\"><div class=\"fusion-layout-column fusion_builder_column fusion-builder-column-11 fusion_builder_column_1_2 1_2 fusion-one-half fusion-column-first\" style=\"--awb-bg-size:cover;width:50%;width:calc(50% - ( ( 4% ) * 0.5 ) );margin-right: 4%;\"><div class=\"fusion-column-wrapper fusion-flex-column-wrapper-legacy\"><div class=\"fusion-clearfix\"><\/div><\/div><\/div><div class=\"fusion-layout-column fusion_builder_column fusion-builder-column-12 fusion_builder_column_1_2 1_2 fusion-one-half fusion-column-last\" style=\"--awb-bg-size:cover;width:50%;width:calc(50% - ( ( 4% ) * 0.5 ) );\"><div class=\"fusion-column-wrapper fusion-flex-column-wrapper-legacy\"><div class=\"fusion-text fusion-text-9\"><p style=\"text-align: justify;\">Les actes esth\u00e9tiques ne sont pas pris en charge par la s\u00e9curit\u00e9 sociale : Aucun remboursement n&rsquo;est possible et aucun arr\u00eat de travail ne pourra \u00eatre accord\u00e9 pour les actes \u00e0 vis\u00e9e esth\u00e9tique.<\/p>\n<p style=\"text-align: justify;\"><strong>Chaque traitement r\u00e9alis\u00e9 par le DR. GHIBAUDO, est soumis \u00e0 une consultation pr\u00e9alable avec le m\u00e9decin qui comprend un examen clinique complet, la prise de photographies, et la remise d\u2019un devis et du consentement \u00e9clair\u00e9.<\/strong><\/p>\n<p>Ascenseur non accessible aux fauteuils roulants.<\/p>\n<\/div><div class=\"fusion-clearfix\"><\/div><\/div><\/div><\/div><\/div><\/p>\n","protected":false},"excerpt":{"rendered":"","protected":false},"author":1,"featured_media":0,"parent":0,"menu_order":0,"comment_status":"closed","ping_status":"closed","template":"100-width.php","meta":{"footnotes":""},"class_list":["post-156","page","type-page","status-publish","hentry"],"_links":{"self":[{"href":"https:\/\/www.docteur-ghibaudo.com\/index.php\/wp-json\/wp\/v2\/pages\/156","targetHints":{"allow":["GET"]}}],"collection":[{"href":"https:\/\/www.docteur-ghibaudo.com\/index.php\/wp-json\/wp\/v2\/pages"}],"about":[{"href":"https:\/\/www.docteur-ghibaudo.com\/index.php\/wp-json\/wp\/v2\/types\/page"}],"author":[{"embeddable":true,"href":"https:\/\/www.docteur-ghibaudo.com\/index.php\/wp-json\/wp\/v2\/users\/1"}],"replies":[{"embeddable":true,"href":"https:\/\/www.docteur-ghibaudo.com\/index.php\/wp-json\/wp\/v2\/comments?post=156"}],"version-history":[{"count":10,"href":"https:\/\/www.docteur-ghibaudo.com\/index.php\/wp-json\/wp\/v2\/pages\/156\/revisions"}],"predecessor-version":[{"id":328,"href":"https:\/\/www.docteur-ghibaudo.com\/index.php\/wp-json\/wp\/v2\/pages\/156\/revisions\/328"}],"wp:attachment":[{"href":"https:\/\/www.docteur-ghibaudo.com\/index.php\/wp-json\/wp\/v2\/media?parent=156"}],"curies":[{"name":"wp","href":"https:\/\/api.w.org\/{rel}","templated":true}]}}