{"id":173,"date":"2018-04-20T15:55:16","date_gmt":"2018-04-20T13:55:16","guid":{"rendered":"https:\/\/www.docteur-ghibaudo.com\/?page_id=173"},"modified":"2022-07-27T11:01:57","modified_gmt":"2022-07-27T09:01:57","slug":"remodelage","status":"publish","type":"page","link":"https:\/\/www.docteur-ghibaudo.com\/index.php\/remodelage\/","title":{"rendered":"Remodelage"},"content":{"rendered":"<p><div class=\"fusion-fullwidth fullwidth-box fusion-builder-row-1 nonhundred-percent-fullwidth non-hundred-percent-height-scrolling\" style=\"--awb-border-radius-top-left:0px;--awb-border-radius-top-right:0px;--awb-border-radius-bottom-right:0px;--awb-border-radius-bottom-left:0px;--awb-flex-wrap:wrap;\" ><div class=\"fusion-builder-row fusion-row\"><div class=\"fusion-layout-column fusion_builder_column fusion-builder-column-0 fusion_builder_column_1_1 1_1 fusion-one-full fusion-column-first fusion-column-last max-710px\" style=\"--awb-bg-size:cover;--awb-margin-bottom:30px;\"><div class=\"fusion-column-wrapper fusion-flex-column-wrapper-legacy\"><div class=\"fusion-text fusion-text-1\" style=\"--awb-text-transform:none;\"><h2 class=\"chapeau\" style=\"text-align: justify;\">Le PLASMA IQ permet de diminuer les exc\u00e8s de peau sur les paupi\u00e8res responsable de l\u2019effet \u00ab paupi\u00e8re tombantes \u00bb et qui donne un air fatigu\u00e9 et triste.Il permet aussi de traiter les rides verticales au dessus de la l\u00e8vre (rides du fumeur), les vergetures,l&rsquo;affaissement du bas du visage, xanthelasma, cicatrices, ex\u00e9r\u00e8se de tumeurs b\u00e9nignes&#8230;<\/h2>\n<\/div><div class=\"fusion-clearfix\"><\/div><\/div><\/div><div class=\"fusion-layout-column fusion_builder_column fusion-builder-column-1 fusion_builder_column_1_1 1_1 fusion-one-full fusion-column-first fusion-column-last\" style=\"--awb-bg-size:cover;--awb-margin-bottom:30px;\"><div class=\"fusion-column-wrapper fusion-flex-column-wrapper-legacy\"><div class=\"fusion-image-element fusion-image-align-center in-legacy-container\" style=\"text-align:center;--awb-caption-title-font-family:var(--h2_typography-font-family);--awb-caption-title-font-weight:var(--h2_typography-font-weight);--awb-caption-title-font-style:var(--h2_typography-font-style);--awb-caption-title-size:var(--h2_typography-font-size);--awb-caption-title-transform:var(--h2_typography-text-transform);--awb-caption-title-line-height:var(--h2_typography-line-height);--awb-caption-title-letter-spacing:var(--h2_typography-letter-spacing);\"><div class=\"imageframe-align-center\"><span class=\" fusion-imageframe imageframe-none imageframe-1 hover-type-none\" style=\"border-radius:10px;\"><img decoding=\"async\" width=\"888\" height=\"436\" alt=\"epilation laser\" title=\"remodelage-pic\" src=\"https:\/\/www.docteur-ghibaudo.com\/wp-content\/uploads\/2018\/04\/remodelage-pic.jpg\" class=\"img-responsive wp-image-174\" srcset=\"https:\/\/www.docteur-ghibaudo.com\/wp-content\/uploads\/2018\/04\/remodelage-pic-200x98.jpg 200w, https:\/\/www.docteur-ghibaudo.com\/wp-content\/uploads\/2018\/04\/remodelage-pic-400x196.jpg 400w, https:\/\/www.docteur-ghibaudo.com\/wp-content\/uploads\/2018\/04\/remodelage-pic-600x295.jpg 600w, https:\/\/www.docteur-ghibaudo.com\/wp-content\/uploads\/2018\/04\/remodelage-pic-800x393.jpg 800w, https:\/\/www.docteur-ghibaudo.com\/wp-content\/uploads\/2018\/04\/remodelage-pic.jpg 888w\" sizes=\"(max-width: 800px) 100vw, 888px\" \/><\/span><\/div><\/div><div class=\"fusion-clearfix\"><\/div><\/div><\/div><div class=\"fusion-layout-column fusion_builder_column fusion-builder-column-2 fusion_builder_column_1_1 1_1 fusion-one-full fusion-column-first fusion-column-last max-710px\" style=\"--awb-bg-size:cover;--awb-margin-bottom:30px;\"><div class=\"fusion-column-wrapper fusion-flex-column-wrapper-legacy\"><div class=\"fusion-text fusion-text-2\" style=\"--awb-text-transform:none;\"><h3 style=\"text-align: justify;\">La technique<\/h3>\n<p>La technique consiste \u00e0 \u00ab sublimer \u00bb les tissus pour corriger le rel\u00e2chement de la paupi\u00e8re, les rides ou autres imperfections. Suivant la qualit\u00e9 de la peau, plusieurs s\u00e9ances seront \u00e9ventuellement n\u00e9cessaires (de 1 \u00e0 4, espac\u00e9es de 2 mois).<\/p>\n<p>Bas\u00e9 sur la technologie plasma, l\u2019appareil cr\u00e9e un arc plasma qui va sublimer les tissus vis\u00e9s, c\u2019est-\u00e0-dire les vaporiser (les faire passer de l\u2019\u00e9tat solide \u00e0 l\u2019\u00e9tat gazeux). Ce fonctionnement se fait sans contact avec la peau et sans \u00e9chauffer les zones environnantes.<\/p>\n<h3 style=\"text-align: justify;\">B\u00e9n\u00e9fices<\/h3>\n<p><strong>L\u2019effet sur le rel\u00e2chement est visible \u00e0 environ 2 mois de la s\u00e9ance , le temps\u00a0 que le remodelage se fasse<\/strong>, il est possible de r\u00e9p\u00e9ter les s\u00e9ances jusqu&rsquo;\u00e0 ce que le r\u00e9sultat souhait\u00e9 soit obtenu.<\/p>\n<p>Toutes les zones sensibles au vieillissement peuvent \u00eatre trait\u00e9es avec le plasma IQ: le visage, le cou, le d\u00e9collet\u00e9, les mains, les bras etc\u2026<\/p>\n<p>Pour les rides et ridules on peut\u00a0 associer ces techniques aux injections de comblement ou aux peelings.<\/p>\n<p>Au fur et \u00e0 mesure des s\u00e9ances, la texture de la peau est am\u00e9lior\u00e9e et densifi\u00e9e.<\/p>\n<h3 style=\"text-align: justify;\">Apr\u00e8s la s\u00e9ance<\/h3>\n<p style=\"text-align: justify;\">On observe des cro\u00fbtes sur la zone trait\u00e9e pendant une semaine puis une rougeur de la peau\u00a0 qui pourra \u00eatre maquill\u00e9e par un \u00e9cran solaire teint\u00e9 pendant 2 mois.<\/p>\n<\/div><div class=\"fusion-clearfix\"><\/div><\/div><\/div><\/div><\/div><div class=\"fusion-fullwidth fullwidth-box fusion-builder-row-2 nonhundred-percent-fullwidth non-hundred-percent-height-scrolling\" style=\"--awb-border-radius-top-left:0px;--awb-border-radius-top-right:0px;--awb-border-radius-bottom-right:0px;--awb-border-radius-bottom-left:0px;--awb-padding-top:30px;--awb-padding-bottom:30px;--awb-margin-bottom:60px;--awb-background-color:#e2e0e0;--awb-flex-wrap:wrap;\" ><div class=\"fusion-builder-row fusion-row\"><div class=\"fusion-layout-column fusion_builder_column fusion-builder-column-3 fusion_builder_column_1_1 1_1 fusion-one-full fusion-column-first fusion-column-last max-710px\" style=\"--awb-bg-size:cover;\"><div class=\"fusion-column-wrapper fusion-flex-column-wrapper-legacy\"><div class=\"fusion-text fusion-text-3\"><h3 style=\"text-align: center;\">Conseil post traitement<\/h3>\n<p style=\"text-align: center;\"><div class=\"fusion-sep-clear\"><\/div><div class=\"fusion-separator fusion-full-width-sep\" style=\"margin-left: auto;margin-right: auto;width:100%;\"><div class=\"fusion-separator-border sep-double sep-solid\" style=\"--awb-height:20px;--awb-amount:20px;--awb-sep-color:#c7c3c3;border-color:#c7c3c3;border-top-width:1px;border-bottom-width:1px;\"><\/div><\/div><div class=\"fusion-sep-clear\"><\/div><\/p>\n<p style=\"text-align: center;\">La reprise d\u2019une activit\u00e9 sociale est imm\u00e9diate avec protection solaire n\u00e9cessaire.<\/p>\n<\/div><div class=\"fusion-clearfix\"><\/div><\/div><\/div><\/div><\/div><div class=\"fusion-fullwidth fullwidth-box fusion-builder-row-3 nonhundred-percent-fullwidth non-hundred-percent-height-scrolling\" style=\"--awb-border-radius-top-left:0px;--awb-border-radius-top-right:0px;--awb-border-radius-bottom-right:0px;--awb-border-radius-bottom-left:0px;--awb-flex-wrap:wrap;\" ><div class=\"fusion-builder-row fusion-row\"><div class=\"fusion-layout-column fusion_builder_column fusion-builder-column-4 fusion_builder_column_1_1 1_1 fusion-one-full fusion-column-first fusion-column-last max-710px\" style=\"--awb-bg-size:cover;--awb-margin-bottom:30px;\"><div class=\"fusion-column-wrapper fusion-flex-column-wrapper-legacy\"><div class=\"fusion-text fusion-text-4\"><h3 style=\"text-align: justify;\">Les contre-indications<\/h3>\n<p style=\"text-align: justify;\">La grossesse, les l\u00e9sions cutan\u00e9es pr\u00e9sentes sur le site de traitement.<\/p>\n<\/div><div class=\"fusion-clearfix\"><\/div><\/div><\/div><\/div><\/div><div class=\"fusion-fullwidth fullwidth-box fusion-builder-row-4 nonhundred-percent-fullwidth non-hundred-percent-height-scrolling\" style=\"--awb-border-radius-top-left:0px;--awb-border-radius-top-right:0px;--awb-border-radius-bottom-right:0px;--awb-border-radius-bottom-left:0px;--awb-padding-bottom:20px;--awb-flex-wrap:wrap;\" id=\"boutons-fin\" ><div class=\"fusion-builder-row fusion-row\"><div class=\"fusion-layout-column fusion_builder_column fusion-builder-column-5 fusion_builder_column_1_1 1_1 fusion-one-full fusion-column-first fusion-column-last max-710px\" style=\"--awb-bg-size:cover;\"><div class=\"fusion-column-wrapper fusion-flex-column-wrapper-legacy\"><div class=\"fusion-image-element fusion-image-align-center in-legacy-container\" style=\"text-align:center;--awb-caption-title-font-family:var(--h2_typography-font-family);--awb-caption-title-font-weight:var(--h2_typography-font-weight);--awb-caption-title-font-style:var(--h2_typography-font-style);--awb-caption-title-size:var(--h2_typography-font-size);--awb-caption-title-transform:var(--h2_typography-text-transform);--awb-caption-title-line-height:var(--h2_typography-line-height);--awb-caption-title-letter-spacing:var(--h2_typography-letter-spacing);\"><div class=\"imageframe-align-center\"><span class=\" fusion-imageframe imageframe-none imageframe-2 hover-type-none\"><img decoding=\"async\" width=\"81\" height=\"27\" title=\"ornement\" src=\"https:\/\/www.docteur-ghibaudo.com\/wp-content\/uploads\/2018\/04\/ornement.png\" alt class=\"img-responsive wp-image-48\"\/><\/span><\/div><\/div><div class=\"fusion-clearfix\"><\/div><\/div><\/div><div class=\"fusion-layout-column fusion_builder_column fusion-builder-column-6 fusion_builder_column_1_1 1_1 fusion-one-full fusion-column-first fusion-column-last max-710px\" style=\"--awb-bg-size:cover;--awb-margin-top:30px;\"><div class=\"fusion-column-wrapper fusion-flex-column-wrapper-legacy\"><div class=\"fusion-text fusion-text-5\"><p style=\"text-align: center;\"><a class=\"boutonrond marron\" href=\"?page_id=122\">Consulter les tarifs<\/a> <a class=\"boutonrond beige\" href=\"?page_id=119\"><i class=\"fb-icon-element-1 fb-icon-element fontawesome-icon fa fa-phone circle-no fusion-text-flow\" style=\"--awb-font-size:20px;--awb-margin-right:10px;\"><\/i>Prendre RDV<\/a><\/p>\n<\/div><div class=\"fusion-clearfix\"><\/div><\/div><\/div><\/div><\/div><div class=\"fusion-fullwidth fullwidth-box fusion-builder-row-5 fusion-parallax-none nonhundred-percent-fullwidth non-hundred-percent-height-scrolling\" style=\"--awb-background-position:left center;--awb-border-radius-top-left:0px;--awb-border-radius-top-right:0px;--awb-border-radius-bottom-right:0px;--awb-border-radius-bottom-left:0px;--awb-padding-top:50px;--awb-padding-bottom:25px;--awb-background-color:#645b58;--awb-background-image:url(&quot;https:\/\/www.docteur-ghibaudo.com\/wp-content\/uploads\/2018\/04\/disclaimer-bg.jpg&quot;);--awb-background-size:cover;--awb-flex-wrap:wrap;\" id=\"disclaimer-home\" ><div class=\"fusion-builder-row fusion-row\"><div class=\"fusion-layout-column fusion_builder_column fusion-builder-column-7 fusion_builder_column_1_2 1_2 fusion-one-half fusion-column-first\" style=\"--awb-bg-size:cover;width:50%;width:calc(50% - ( ( 4% ) * 0.5 ) );margin-right: 4%;\"><div class=\"fusion-column-wrapper fusion-flex-column-wrapper-legacy\"><div class=\"fusion-clearfix\"><\/div><\/div><\/div><div class=\"fusion-layout-column fusion_builder_column fusion-builder-column-8 fusion_builder_column_1_2 1_2 fusion-one-half fusion-column-last\" style=\"--awb-bg-size:cover;width:50%;width:calc(50% - ( ( 4% ) * 0.5 ) );\"><div class=\"fusion-column-wrapper fusion-flex-column-wrapper-legacy\"><div class=\"fusion-text fusion-text-6\"><p style=\"text-align: justify;\">Les actes esth\u00e9tiques ne sont pas pris en charge par la s\u00e9curit\u00e9 sociale : Aucun remboursement n&rsquo;est possible et aucun arr\u00eat de travail ne pourra \u00eatre accord\u00e9 pour les actes \u00e0 vis\u00e9e esth\u00e9tique.<\/p>\n<p style=\"text-align: justify;\"><strong>Chaque traitement r\u00e9alis\u00e9 par le DR. GHIBAUDO, est soumis \u00e0 une consultation pr\u00e9alable avec le m\u00e9decin qui comprend un examen clinique complet, la prise de photographies, et la remise d\u2019un devis et du consentement \u00e9clair\u00e9.<\/strong><\/p>\n<p>Ascenseur non accessible aux fauteuils roulants.<\/p>\n<\/div><div class=\"fusion-clearfix\"><\/div><\/div><\/div><\/div><\/div><\/p>\n","protected":false},"excerpt":{"rendered":"","protected":false},"author":1,"featured_media":0,"parent":0,"menu_order":0,"comment_status":"closed","ping_status":"closed","template":"100-width.php","meta":{"footnotes":""},"class_list":["post-173","page","type-page","status-publish","hentry"],"_links":{"self":[{"href":"https:\/\/www.docteur-ghibaudo.com\/index.php\/wp-json\/wp\/v2\/pages\/173","targetHints":{"allow":["GET"]}}],"collection":[{"href":"https:\/\/www.docteur-ghibaudo.com\/index.php\/wp-json\/wp\/v2\/pages"}],"about":[{"href":"https:\/\/www.docteur-ghibaudo.com\/index.php\/wp-json\/wp\/v2\/types\/page"}],"author":[{"embeddable":true,"href":"https:\/\/www.docteur-ghibaudo.com\/index.php\/wp-json\/wp\/v2\/users\/1"}],"replies":[{"embeddable":true,"href":"https:\/\/www.docteur-ghibaudo.com\/index.php\/wp-json\/wp\/v2\/comments?post=173"}],"version-history":[{"count":8,"href":"https:\/\/www.docteur-ghibaudo.com\/index.php\/wp-json\/wp\/v2\/pages\/173\/revisions"}],"predecessor-version":[{"id":456,"href":"https:\/\/www.docteur-ghibaudo.com\/index.php\/wp-json\/wp\/v2\/pages\/173\/revisions\/456"}],"wp:attachment":[{"href":"https:\/\/www.docteur-ghibaudo.com\/index.php\/wp-json\/wp\/v2\/media?parent=173"}],"curies":[{"name":"wp","href":"https:\/\/api.w.org\/{rel}","templated":true}]}}