{"id":181,"date":"2018-04-20T16:32:22","date_gmt":"2018-04-20T14:32:22","guid":{"rendered":"https:\/\/www.docteur-ghibaudo.com\/?page_id=181"},"modified":"2018-11-29T14:39:31","modified_gmt":"2018-11-29T13:39:31","slug":"transpiration-axillaire","status":"publish","type":"page","link":"https:\/\/www.docteur-ghibaudo.com\/index.php\/transpiration-axillaire\/","title":{"rendered":"Transpiration axillaire"},"content":{"rendered":"<p><div class=\"fusion-fullwidth fullwidth-box fusion-builder-row-1 nonhundred-percent-fullwidth non-hundred-percent-height-scrolling\" style=\"--awb-border-radius-top-left:0px;--awb-border-radius-top-right:0px;--awb-border-radius-bottom-right:0px;--awb-border-radius-bottom-left:0px;--awb-flex-wrap:wrap;\" ><div class=\"fusion-builder-row fusion-row\"><div class=\"fusion-layout-column fusion_builder_column fusion-builder-column-0 fusion_builder_column_1_1 1_1 fusion-one-full fusion-column-first fusion-column-last max-710px\" style=\"--awb-bg-size:cover;--awb-margin-bottom:30px;\"><div class=\"fusion-column-wrapper fusion-flex-column-wrapper-legacy\"><div class=\"fusion-text fusion-text-1\"><h2 class=\"chapeau\" style=\"text-align: justify;\">La transpiration axillaire peut \u00eatre trait\u00e9e par des d\u00e9odorants et des anti transpirants. Quand cela ne suffit pas, il existe <strong>une m\u00e9thode efficace et fiable : les injections de Botox<\/strong><\/h2>\n<\/div><div class=\"fusion-clearfix\"><\/div><\/div><\/div><div class=\"fusion-layout-column fusion_builder_column fusion-builder-column-1 fusion_builder_column_1_1 1_1 fusion-one-full fusion-column-first fusion-column-last\" style=\"--awb-bg-size:cover;--awb-margin-bottom:30px;\"><div class=\"fusion-column-wrapper fusion-flex-column-wrapper-legacy\"><div class=\"fusion-image-element fusion-image-align-center in-legacy-container\" style=\"text-align:center;--awb-caption-title-font-family:var(--h2_typography-font-family);--awb-caption-title-font-weight:var(--h2_typography-font-weight);--awb-caption-title-font-style:var(--h2_typography-font-style);--awb-caption-title-size:var(--h2_typography-font-size);--awb-caption-title-transform:var(--h2_typography-text-transform);--awb-caption-title-line-height:var(--h2_typography-line-height);--awb-caption-title-letter-spacing:var(--h2_typography-letter-spacing);\"><div class=\"imageframe-align-center\"><span class=\" fusion-imageframe imageframe-none imageframe-1 hover-type-none\" style=\"border-radius:10px;\"><img decoding=\"async\" width=\"889\" height=\"409\" alt=\"epilation laser\" title=\"transpiration-pic\" src=\"https:\/\/www.docteur-ghibaudo.com\/wp-content\/uploads\/2018\/04\/transpiration-pic.jpg\" class=\"img-responsive wp-image-182\" srcset=\"https:\/\/www.docteur-ghibaudo.com\/wp-content\/uploads\/2018\/04\/transpiration-pic-200x92.jpg 200w, https:\/\/www.docteur-ghibaudo.com\/wp-content\/uploads\/2018\/04\/transpiration-pic-400x184.jpg 400w, https:\/\/www.docteur-ghibaudo.com\/wp-content\/uploads\/2018\/04\/transpiration-pic-600x276.jpg 600w, https:\/\/www.docteur-ghibaudo.com\/wp-content\/uploads\/2018\/04\/transpiration-pic-800x368.jpg 800w, https:\/\/www.docteur-ghibaudo.com\/wp-content\/uploads\/2018\/04\/transpiration-pic.jpg 889w\" sizes=\"(max-width: 800px) 100vw, 889px\" \/><\/span><\/div><\/div><div class=\"fusion-clearfix\"><\/div><\/div><\/div><div class=\"fusion-layout-column fusion_builder_column fusion-builder-column-2 fusion_builder_column_1_1 1_1 fusion-one-full fusion-column-first fusion-column-last max-710px\" style=\"--awb-bg-size:cover;--awb-margin-bottom:30px;\"><div class=\"fusion-column-wrapper fusion-flex-column-wrapper-legacy\"><div class=\"fusion-text fusion-text-2\"><h3 style=\"text-align: justify;\">Qu\u2019est ce que la transpiration ?<\/h3>\n<p style=\"text-align: justify;\">La transpiration ou hyperhydrose est un ph\u00e9nom\u00e8ne naturel qui permet \u00e0 notre corps d&rsquo;\u00e9vacuer le surplus de chaleur provoqu\u00e9 par des circonstances particuli\u00e8res (pratique d&rsquo;un sport, stress, chaleur excessive,&#8230;).<\/p>\n<p style=\"text-align: justify;\">Transpirer si fort qu\u2019il faut se changer plusieurs fois dans la journ\u00e9e ou que l\u2019on \u00e9vite les poign\u00e9es de mains. C\u2019est cela l\u2019hyperhidrose : une affection terriblement handicapante.<\/p>\n<h3 style=\"text-align: justify;\">Qu&rsquo;est-ce que le Botox\u00ae ?<\/h3>\n<p style=\"text-align: justify;\">Le Botox\u00ae est une prot\u00e9ine purifi\u00e9e, utilis\u00e9 en th\u00e9rapeutique depuis plus de 25 ans. <strong>Ce m\u00e9dicament d&rsquo;origine naturelle<\/strong> traite avec succ\u00e8s <strong>des milliers de patients enfants et adultes<\/strong> en ophtalmologie et en neurologie.<\/p>\n<p style=\"text-align: justify;\">Depuis plus de dix ans, ce m\u00e9dicament rencontre un vif succ\u00e8s \u00e0 travers le monde dans le traitement des rides du haut du visage, en raison de son efficacit\u00e9 et du r\u00e9sultat naturel qu&rsquo;il produit.<\/p>\n<p style=\"text-align: justify;\">Plus r\u00e9cemment, son <strong>efficacit\u00e9 a \u00e9t\u00e9 d\u00e9montr\u00e9e<\/strong> dans le traitement de l&rsquo;<strong>hyperhidrose axillaire<\/strong>. Inject\u00e9 localement au niveau de la zone \u00e0 traiter, le Botox\u00ae a une action r\u00e9versible qui lui conf\u00e8re une grande s\u00e9curit\u00e9.<\/p>\n<h3 style=\"text-align: justify;\">Comment agit le Botox\u00ae ?<\/h3>\n<p style=\"text-align: justify;\">Le Botox agit \u00e0 la source de la transpiration. <em>Les glandes sudoripares sont activ\u00e9es par un message du syst\u00e8me nerveux via la lib\u00e9ration d\u2019ac\u00e9tylcholine<\/em>. C\u2019est la raison pour laquelle le stress, qui d\u00e9pend des m\u00eames voies nerveuses, aggrave le probl\u00e8me. Chez les personnes souffrants d\u2019hyperhidrose les glandes sudoripares sont activ\u00e9es de fa\u00e7on excessives. Le botox r\u00e9duit la lib\u00e9ration de cette substance au niveau de la jonction neuromusculaire. Une fois inject\u00e9e dans la peau, elle emp\u00eache la contraction des cellules myo\u00e9pith\u00e9liales qui entourent les glandes sudoripares et ces derni\u00e8res ne re\u00e7oivent plus l\u2019ordre de produire de la transpiration. Mais l\u2019action du Botox est transitoire, ce qui explique pourquoi on doit recommencer les injections.<\/p>\n<h3 style=\"text-align: justify;\">Quels sont les b\u00e9n\u00e9fices du Botox\u00ae ?<\/h3>\n<p style=\"text-align: justify;\">Le traitement de l&rsquo;hyperhidrose axillaire par le Botox\u00ae donne des<strong> r\u00e9sultats tr\u00e8s satisfaisants<\/strong> d\u00e8s la premi\u00e8re semaine pour 95 % des patients trait\u00e9s. L&rsquo;efficacit\u00e9 <strong>dure en moyenne 7 mois<\/strong> avec une r\u00e9duction de 83 % de la production de sueur.<\/p>\n<p style=\"text-align: justify;\">C\u2019est un traitement rapide, sans danger et tr\u00e8s efficace des hyperhidroses axillaires.<\/p>\n<p style=\"text-align: justify;\">La dur\u00e9e de l&rsquo;efficacit\u00e9 du traitement se prolongera au fur et \u00e0 mesure de son renouvellement.<\/p>\n<h3 style=\"text-align: justify;\">Comment se d\u00e9roule le traitement ?<\/h3>\n<p style=\"text-align: justify;\">Le traitement est <strong>bien tol\u00e9r\u00e9<\/strong>. L\u2019application d\u2019une cr\u00e8me anesth\u00e9siante 1 heure avant la s\u00e9ance permet un <strong>grand confort<\/strong>. Les injections du Botox\u00ae au niveau de la zone axillaire durent environ 20 minutes puis le patient peut imm\u00e9diatement reprendre toutes ses activit\u00e9s<\/p>\n<h3 style=\"text-align: justify;\">Quelles sont les contre-indications ?<\/h3>\n<p style=\"text-align: justify;\">Le Botox\u00ae est contre-indiqu\u00e9 en cas de myasth\u00e9nie, une scl\u00e9rose lat\u00e9rale amyotrophique, de grossesse et d&rsquo;allaitement, d\u2019allergie \u00e0 l\u2019oeuf ainsi qu&rsquo;en association avec certains antibiotioques (aminosides).<\/p>\n<\/div><div class=\"fusion-clearfix\"><\/div><\/div><\/div><\/div><\/div><div class=\"fusion-fullwidth fullwidth-box fusion-builder-row-2 nonhundred-percent-fullwidth non-hundred-percent-height-scrolling\" style=\"--awb-border-radius-top-left:0px;--awb-border-radius-top-right:0px;--awb-border-radius-bottom-right:0px;--awb-border-radius-bottom-left:0px;--awb-padding-bottom:20px;--awb-flex-wrap:wrap;\" id=\"boutons-fin\" ><div class=\"fusion-builder-row fusion-row\"><div class=\"fusion-layout-column fusion_builder_column fusion-builder-column-3 fusion_builder_column_1_1 1_1 fusion-one-full fusion-column-first fusion-column-last max-710px\" style=\"--awb-bg-size:cover;\"><div class=\"fusion-column-wrapper fusion-flex-column-wrapper-legacy\"><div class=\"fusion-image-element fusion-image-align-center in-legacy-container\" style=\"text-align:center;--awb-caption-title-font-family:var(--h2_typography-font-family);--awb-caption-title-font-weight:var(--h2_typography-font-weight);--awb-caption-title-font-style:var(--h2_typography-font-style);--awb-caption-title-size:var(--h2_typography-font-size);--awb-caption-title-transform:var(--h2_typography-text-transform);--awb-caption-title-line-height:var(--h2_typography-line-height);--awb-caption-title-letter-spacing:var(--h2_typography-letter-spacing);\"><div class=\"imageframe-align-center\"><span class=\" fusion-imageframe imageframe-none imageframe-2 hover-type-none\"><img decoding=\"async\" width=\"81\" height=\"27\" title=\"ornement\" src=\"https:\/\/www.docteur-ghibaudo.com\/wp-content\/uploads\/2018\/04\/ornement.png\" alt class=\"img-responsive wp-image-48\"\/><\/span><\/div><\/div><div class=\"fusion-clearfix\"><\/div><\/div><\/div><div class=\"fusion-layout-column fusion_builder_column fusion-builder-column-4 fusion_builder_column_1_1 1_1 fusion-one-full fusion-column-first fusion-column-last max-710px\" style=\"--awb-bg-size:cover;--awb-margin-top:30px;\"><div class=\"fusion-column-wrapper fusion-flex-column-wrapper-legacy\"><div class=\"fusion-text fusion-text-3\"><p style=\"text-align: center;\"><a class=\"boutonrond marron\" href=\"?page_id=122\">Consulter les tarifs<\/a> <a class=\"boutonrond beige\" href=\"?page_id=119\"><i class=\"fb-icon-element-1 fb-icon-element fontawesome-icon fa fa-phone circle-no fusion-text-flow\" style=\"--awb-font-size:20px;--awb-margin-right:10px;\"><\/i>Prendre RDV<\/a><\/p>\n<\/div><div class=\"fusion-clearfix\"><\/div><\/div><\/div><\/div><\/div><div class=\"fusion-fullwidth fullwidth-box fusion-builder-row-3 fusion-parallax-none nonhundred-percent-fullwidth non-hundred-percent-height-scrolling\" style=\"--awb-background-position:left center;--awb-border-radius-top-left:0px;--awb-border-radius-top-right:0px;--awb-border-radius-bottom-right:0px;--awb-border-radius-bottom-left:0px;--awb-padding-top:50px;--awb-padding-bottom:25px;--awb-background-color:#645b58;--awb-background-image:url(&quot;https:\/\/www.docteur-ghibaudo.com\/wp-content\/uploads\/2018\/04\/disclaimer-bg.jpg&quot;);--awb-background-size:cover;--awb-flex-wrap:wrap;\" id=\"disclaimer-home\" ><div class=\"fusion-builder-row fusion-row\"><div class=\"fusion-layout-column fusion_builder_column fusion-builder-column-5 fusion_builder_column_1_2 1_2 fusion-one-half fusion-column-first\" style=\"--awb-bg-size:cover;width:50%;width:calc(50% - ( ( 4% ) * 0.5 ) );margin-right: 4%;\"><div class=\"fusion-column-wrapper fusion-flex-column-wrapper-legacy\"><div class=\"fusion-clearfix\"><\/div><\/div><\/div><div class=\"fusion-layout-column fusion_builder_column fusion-builder-column-6 fusion_builder_column_1_2 1_2 fusion-one-half fusion-column-last\" style=\"--awb-bg-size:cover;width:50%;width:calc(50% - ( ( 4% ) * 0.5 ) );\"><div class=\"fusion-column-wrapper fusion-flex-column-wrapper-legacy\"><div class=\"fusion-text fusion-text-4\"><p style=\"text-align: justify;\">Les actes esth\u00e9tiques ne sont pas pris en charge par la s\u00e9curit\u00e9 sociale : Aucun remboursement n&rsquo;est possible et aucun arr\u00eat de travail ne pourra \u00eatre accord\u00e9 pour les actes \u00e0 vis\u00e9e esth\u00e9tique.<\/p>\n<p style=\"text-align: justify;\"><strong>Chaque traitement r\u00e9alis\u00e9 par le DR. GHIBAUDO, est soumis \u00e0 une consultation pr\u00e9alable avec le m\u00e9decin qui comprend un examen clinique complet, la prise de photographies, et la remise d\u2019un devis et du consentement \u00e9clair\u00e9.<\/strong><\/p>\n<p>Ascenseur non accessible aux fauteuils roulants.<\/p>\n<\/div><div class=\"fusion-clearfix\"><\/div><\/div><\/div><\/div><\/div><\/p>\n","protected":false},"excerpt":{"rendered":"","protected":false},"author":1,"featured_media":0,"parent":0,"menu_order":0,"comment_status":"closed","ping_status":"closed","template":"100-width.php","meta":{"footnotes":""},"class_list":["post-181","page","type-page","status-publish","hentry"],"_links":{"self":[{"href":"https:\/\/www.docteur-ghibaudo.com\/index.php\/wp-json\/wp\/v2\/pages\/181","targetHints":{"allow":["GET"]}}],"collection":[{"href":"https:\/\/www.docteur-ghibaudo.com\/index.php\/wp-json\/wp\/v2\/pages"}],"about":[{"href":"https:\/\/www.docteur-ghibaudo.com\/index.php\/wp-json\/wp\/v2\/types\/page"}],"author":[{"embeddable":true,"href":"https:\/\/www.docteur-ghibaudo.com\/index.php\/wp-json\/wp\/v2\/users\/1"}],"replies":[{"embeddable":true,"href":"https:\/\/www.docteur-ghibaudo.com\/index.php\/wp-json\/wp\/v2\/comments?post=181"}],"version-history":[{"count":5,"href":"https:\/\/www.docteur-ghibaudo.com\/index.php\/wp-json\/wp\/v2\/pages\/181\/revisions"}],"predecessor-version":[{"id":329,"href":"https:\/\/www.docteur-ghibaudo.com\/index.php\/wp-json\/wp\/v2\/pages\/181\/revisions\/329"}],"wp:attachment":[{"href":"https:\/\/www.docteur-ghibaudo.com\/index.php\/wp-json\/wp\/v2\/media?parent=181"}],"curies":[{"name":"wp","href":"https:\/\/api.w.org\/{rel}","templated":true}]}}