{"id":302,"date":"2018-11-23T17:23:17","date_gmt":"2018-11-23T16:23:17","guid":{"rendered":"https:\/\/www.docteur-ghibaudo.com\/?page_id=302"},"modified":"2018-11-23T17:25:03","modified_gmt":"2018-11-23T16:25:03","slug":"mentions-legales","status":"publish","type":"page","link":"https:\/\/www.docteur-ghibaudo.com\/index.php\/mentions-legales\/","title":{"rendered":"Mentions l\u00e9gales"},"content":{"rendered":"<h3>Editeur et Responsable de publication<\/h3>\n<p><strong>Nathalie Ghibaudo<\/strong><br \/>\n83 av. Victor Tuby<br \/>\nBat. A, les lucioles<br \/>\n06140 VENCE<\/p>\n<p>Email :\u00a0drghibaudo(at)gmail.com<\/p>\n<p>N\u00b0 SIRET :\u00a053028302700049<\/p>\n<hr \/>\n<p>Les informations personnelles concernant les visiteurs de notre site, y compris leur identit\u00e9, sont confidentielles. Le responsable du site s\u2019engage sur l\u2019honneur \u00e0 respecter les conditions l\u00e9gales de confidentialit\u00e9 applicables en France et \u00e0 ne pas divulguer ces informations \u00e0 des tiers.<\/p>\n<p class=\"txtCourant-12\">Le pr\u00e9sent site n\u2019a pas vocation \u00e0 remplacer la relation entre le patient et son m\u00e9decin.<\/p>\n<p class=\"txtCourant-12\">Ce site est con\u00e7u \u00e0 titre purement informatif, et est destin\u00e9 \u00e0 pr\u00e9senter les diff\u00e9rents soins pratiqu\u00e9s par le docteur Ghibaudo. Les photos pr\u00e9sent\u00e9es sur le site ont\u00a0un caract\u00e8re informatif uniquement et ne sont en aucun cas une garantie de r\u00e9sultat.<\/p>\n<hr \/>\n<h3>H\u00e9bergement du site<\/h3>\n<div class=\"page\" title=\"Page 1\">\n<div class=\"layoutArea\">\n<div class=\"column\">\n<p><strong>1&amp;1 Internet \/Ionos<\/strong><br \/>\n7, place de la Gare<br \/>\nBP 70109<br \/>\n57201 Sarreguemines Cedex<\/p>\n<h3>R\u00e9alisation<\/h3>\n<div class=\"page\" title=\"Page 1\">\n<div class=\"layoutArea\">\n<div class=\"column\">\n<p><b>Deuxi\u00e8me \u00c9tage<\/b><\/p>\n<\/div>\n<\/div>\n<\/div>\n<\/div>\n<\/div>\n<\/div>\n","protected":false},"excerpt":{"rendered":"<p>Editeur et Responsable de publication Nathalie Ghibaudo 83 av. Victor  [&#8230;]<\/p>\n","protected":false},"author":1,"featured_media":0,"parent":0,"menu_order":0,"comment_status":"closed","ping_status":"closed","template":"","meta":{"footnotes":""},"class_list":["post-302","page","type-page","status-publish","hentry"],"_links":{"self":[{"href":"https:\/\/www.docteur-ghibaudo.com\/index.php\/wp-json\/wp\/v2\/pages\/302","targetHints":{"allow":["GET"]}}],"collection":[{"href":"https:\/\/www.docteur-ghibaudo.com\/index.php\/wp-json\/wp\/v2\/pages"}],"about":[{"href":"https:\/\/www.docteur-ghibaudo.com\/index.php\/wp-json\/wp\/v2\/types\/page"}],"author":[{"embeddable":true,"href":"https:\/\/www.docteur-ghibaudo.com\/index.php\/wp-json\/wp\/v2\/users\/1"}],"replies":[{"embeddable":true,"href":"https:\/\/www.docteur-ghibaudo.com\/index.php\/wp-json\/wp\/v2\/comments?post=302"}],"version-history":[{"count":2,"href":"https:\/\/www.docteur-ghibaudo.com\/index.php\/wp-json\/wp\/v2\/pages\/302\/revisions"}],"predecessor-version":[{"id":304,"href":"https:\/\/www.docteur-ghibaudo.com\/index.php\/wp-json\/wp\/v2\/pages\/302\/revisions\/304"}],"wp:attachment":[{"href":"https:\/\/www.docteur-ghibaudo.com\/index.php\/wp-json\/wp\/v2\/media?parent=302"}],"curies":[{"name":"wp","href":"https:\/\/api.w.org\/{rel}","templated":true}]}}